{"id":26158,"date":"2022-01-01T10:01:26","date_gmt":"2022-01-01T02:01:26","guid":{"rendered":"https:\/\/sanweisport.com\/product\/uncategorized\/target-national-phien-ban-moi\/"},"modified":"2023-08-16T14:53:38","modified_gmt":"2023-08-16T06:53:38","slug":"best-table-tennis-rubber-sanwei-target-national-2","status":"publish","type":"product","link":"https:\/\/sanweisport.com\/en\/product\/uncategorized\/best-table-tennis-rubber-sanwei-target-national-2\/","title":{"rendered":"Target National phi\u00ean b\u1ea3n m\u1edbi"},"content":{"rendered":"","protected":false},"excerpt":{"rendered":"<p class=\"ui-sortable-handle\"><strong>\u00b7K\u1ebft h\u1ee3p c\u00e1c \u01b0u \u0111i\u1ec3m c\u1ee7a m\u00fat v\u1ee3t Trung Qu\u1ed1c v\u00e0 Ch\u00e2u \u00c2u:<\/strong> Ngo\u00e0i vi\u1ec7c gi\u1eef l\u1ea1i c\u00e1c \u01b0u \u0111i\u1ec3m c\u1ee7a \u0111\u1ed9 b\u00e1m d\u00ednh v\u00e0 \u0111\u1ed9 xo\u00e1y cao c\u1ee7a topsheet truy\u1ec1n th\u1ed1ng c\u1ee7a Trung Qu\u1ed1c, c\u00f2n c\u00f3 s\u1ef1 k\u1ebft h\u1ee3p v\u1edbi l\u00f3t b\u1ecdt kh\u00ed theo phong c\u00e1ch Ch\u00e2u \u00c2u, mang l\u1ea1i s\u1ef1 \u1ed5n \u0111\u1ecbnh v\u00e0 uy l\u1ef1c.<\/p>\n<p class=\"ui-sortable-handle\"><strong>\u00b7 C\u00f4ng ngh\u1ec7 t\u1ed1i \u01b0u h\u00f3a b\u1ec1 m\u1eb7t SANWEI NANO:<\/strong> \u0110\u01b0\u1ee3c thi\u1ebft k\u1ebf cho k\u1ef7 nguy\u00ean b\u00f3ng 40+, mang l\u1ea1i t\u1ed1c \u0111\u1ed9 nhanh h\u01a1n, c\u1ea3m gi\u00e1c s\u1eed d\u1ee5ng ho\u00e0n h\u1ea3o h\u01a1n v\u00e0 kh\u1ea3 n\u0103ng gi\u1ea3m l\u1ed7i kh\u00f4ng \u0111\u00e1ng c\u00f3 t\u1ed1t h\u01a1n. (<em><a href=\"#nano\">Xem ti\u1ebfp \u0111\u1ec3 bi\u1ebft th\u00eam chi ti\u1ebft<\/a>. )<\/em><\/p>\n<p><strong>\u00b7 100% cao su h\u1eefu c\u01a1 t\u1ef1 nhi\u00ean nguy\u00ean ch\u1ea5t:<\/strong> SANWEI \u0111\u1ea3m b\u1ea3o r\u1eb1ng t\u1ea5t c\u1ea3 c\u00e1c m\u1eb7t m\u00fat b\u00f3ng b\u00e0n c\u1ee7a h\u00e3ng \u0111\u1ec1u \u0111\u01b0\u1ee3c l\u00e0m t\u1eeb ch\u1ea5t li\u1ec7u cao su t\u1ef1 nhi\u00ean, kh\u00f4ng c\u00f3 m\u00f9i l\u1ea1, th\u00e2n thi\u1ec7n v\u1edbi m\u00f4i tr\u01b0\u1eddng, ng\u01b0\u1eddi gi\u00e0 v\u00e0 tr\u1ebb em.<\/p>\n<p><strong>\u00b7 Ch\u1ee9ng nh\u1eadn ITTF: <\/strong>I\u0110i\u1ec1u n\u00e0y c\u00f3 ngh\u0129a b\u1ea1n c\u00f3 th\u1ec3 s\u1eed d\u1ee5ng m\u1eb7t v\u1ee3t n\u00e0y trong b\u1ea5t k\u00ec gi\u1ea3i \u0111\u1ea5u n\u00e0o (<em><a href=\"#ittfapproved\">\u0110\u1ecdc ti\u1ebfp \u0111\u1ec3 bi\u1ebft th\u00eam chi ti\u1ebft<\/a>.<\/em>)<\/p>\n<p><strong>\u00b7 Ch\u1ea5t l\u01b0\u1ee3ng v\u01b0\u1ee3t tr\u1ed9i:<\/strong> T\u1ea5t c\u1ea3 c\u00e1c s\u1ea3n ph\u1ea9m SANWEI \u0111\u1ec1u \u0111\u01b0\u1ee3c ki\u1ec3m tra k\u1ef9 l\u01b0\u1ee1ng b\u1edfi c\u00e1c v\u1eadn \u0111\u1ed9ng vi\u00ean chuy\u00ean nghi\u1ec7p tr\u01b0\u1edbc khi \u0111\u1ebfn tay kh\u00e1ch h\u00e0ng. Ch\u00fang t\u00f4i \u0111\u00e3 m\u00f4 ph\u1ecfng th\u1eed nghi\u1ec7m c\u00e1c t\u00ecnh hu\u1ed1ng kh\u1eafc nghi\u1ec7t kh\u00e1c nhau trong qu\u00e1 tr\u00ecnh l\u01b0u tr\u1eef v\u00e0 thi \u0111\u1ea5u.<\/p>\n","protected":false},"featured_media":0,"comment_status":"open","ping_status":"closed","template":"","meta":{"site-sidebar-layout":"default","site-content-layout":"","ast-site-content-layout":"default","site-content-style":"default","site-sidebar-style":"default","ast-global-header-display":"","ast-banner-title-visibility":"","ast-main-header-display":"","ast-hfb-above-header-display":"","ast-hfb-below-header-display":"","ast-hfb-mobile-header-display":"","site-post-title":"","ast-breadcrumbs-content":"","ast-featured-img":"","footer-sml-layout":"","ast-disable-related-posts":"","theme-transparent-header-meta":"","adv-header-id-meta":"","stick-header-meta":"","header-above-stick-meta":"","header-main-stick-meta":"","header-below-stick-meta":"","astra-migrate-meta-layouts":"default","ast-page-background-enabled":"default","ast-page-background-meta":{"desktop":{"background-color":"var(--ast-global-color-4)","background-image":"","background-repeat":"repeat","background-position":"center center","background-size":"auto","background-attachment":"scroll","background-type":"","background-media":"","overlay-type":"","overlay-color":"","overlay-opacity":"","overlay-gradient":""},"tablet":{"background-color":"","background-image":"","background-repeat":"repeat","background-position":"center center","background-size":"auto","background-attachment":"scroll","background-type":"","background-media":"","overlay-type":"","overlay-color":"","overlay-opacity":"","overlay-gradient":""},"mobile":{"background-color":"","background-image":"","background-repeat":"repeat","background-position":"center center","background-size":"auto","background-attachment":"scroll","background-type":"","background-media":"","overlay-type":"","overlay-color":"","overlay-opacity":"","overlay-gradient":""}},"ast-content-background-meta":{"desktop":{"background-color":"var(--ast-global-color-5)","background-image":"","background-repeat":"repeat","background-position":"center center","background-size":"auto","background-attachment":"scroll","background-type":"","background-media":"","overlay-type":"","overlay-color":"","overlay-opacity":"","overlay-gradient":""},"tablet":{"background-color":"var(--ast-global-color-5)","background-image":"","background-repeat":"repeat","background-position":"center center","background-size":"auto","background-attachment":"scroll","background-type":"","background-media":"","overlay-type":"","overlay-color":"","overlay-opacity":"","overlay-gradient":""},"mobile":{"background-color":"var(--ast-global-color-5)","background-image":"","background-repeat":"repeat","background-position":"center center","background-size":"auto","background-attachment":"scroll","background-type":"","background-media":"","overlay-type":"","overlay-color":"","overlay-opacity":"","overlay-gradient":""}}},"product_brand":[],"product_cat":[111],"product_tag":[],"class_list":{"0":"post-26158","1":"product","2":"type-product","3":"status-publish","5":"product_cat-uncategorized","6":"desktop-align-center","7":"tablet-align-left","8":"mobile-align-center","9":"ast-product-gallery-layout-horizontal","10":"ast-product-gallery-with-no-image","11":"ast-product-tabs-layout-horizontal","12":"ast-qv-on-image","14":"first","15":"instock","16":"taxable","17":"shipping-taxable","18":"purchasable","19":"product-type-simple"},"yoast_head":"<!-- This site is optimized with the Yoast SEO Premium plugin v24.5 (Yoast SEO v26.6) - https:\/\/yoast.com\/wordpress\/plugins\/seo\/ -->\n<title>SANWEI Target National Best table tennis rubber - SANWEI Sport<\/title>\n<meta name=\"description\" content=\"One of best table tennis rubber, Chinese sticky type , recommended forehand ping pong rubber, use cake sponge and NANO technology top-sheet of SANWEI.\" \/>\n<meta name=\"robots\" content=\"index, follow, max-snippet:-1, max-image-preview:large, max-video-preview:-1\" \/>\n<link rel=\"canonical\" href=\"https:\/\/sanweisport.com\/en\/product\/uncategorized\/best-table-tennis-rubber-sanwei-target-national-2\/\" \/>\n<meta property=\"og:locale\" content=\"en_US\" \/>\n<meta property=\"og:type\" content=\"article\" \/>\n<meta property=\"og:title\" content=\"Target National phi\u00ean b\u1ea3n m\u1edbi\" \/>\n<meta property=\"og:description\" content=\"One of best table tennis rubber, Chinese sticky type , recommended forehand ping pong rubber, use cake sponge and NANO technology top-sheet of SANWEI.\" \/>\n<meta property=\"og:url\" content=\"https:\/\/sanweisport.com\/en\/product\/uncategorized\/best-table-tennis-rubber-sanwei-target-national-2\/\" \/>\n<meta property=\"og:site_name\" content=\"SANWEI Sport\" \/>\n<meta property=\"article:publisher\" content=\"https:\/\/www.facebook.com\/SANWEISPORT\/\" \/>\n<meta property=\"article:modified_time\" content=\"2023-08-16T06:53:38+00:00\" \/>\n<meta name=\"twitter:card\" content=\"summary_large_image\" \/>\n<meta name=\"twitter:site\" content=\"@sanwei_official\" \/>\n<meta name=\"twitter:label1\" content=\"Price\" \/>\n\t<meta name=\"twitter:data1\" content=\"&#036;49.99\" \/>\n\t<meta name=\"twitter:label2\" content=\"Availability\" \/>\n\t<meta name=\"twitter:data2\" content=\"In stock\" \/>\n<script type=\"application\/ld+json\" class=\"yoast-schema-graph\">{\"@context\":\"https:\/\/schema.org\",\"@graph\":[{\"@type\":[\"WebPage\",\"ItemPage\"],\"@id\":\"https:\/\/sanweisport.com\/en\/product\/uncategorized\/best-table-tennis-rubber-sanwei-target-national-2\/\",\"url\":\"https:\/\/sanweisport.com\/en\/product\/uncategorized\/best-table-tennis-rubber-sanwei-target-national-2\/\",\"name\":\"SANWEI Target National Best table tennis rubber - SANWEI Sport\",\"isPartOf\":{\"@id\":\"https:\/\/sanweisport.com\/en\/#website\"},\"datePublished\":\"2022-01-01T02:01:26+00:00\",\"dateModified\":\"2023-08-16T06:53:38+00:00\",\"description\":\"One of best table tennis rubber, Chinese sticky type , recommended forehand ping pong rubber, use cake sponge and NANO technology top-sheet of SANWEI.\",\"breadcrumb\":{\"@id\":\"https:\/\/sanweisport.com\/en\/product\/uncategorized\/best-table-tennis-rubber-sanwei-target-national-2\/#breadcrumb\"},\"inLanguage\":\"en-US\",\"potentialAction\":[{\"@type\":\"ReadAction\",\"target\":[\"https:\/\/sanweisport.com\/en\/product\/uncategorized\/best-table-tennis-rubber-sanwei-target-national-2\/\"]}]},{\"@type\":\"BreadcrumbList\",\"@id\":\"https:\/\/sanweisport.com\/en\/product\/uncategorized\/best-table-tennis-rubber-sanwei-target-national-2\/#breadcrumb\",\"itemListElement\":[{\"@type\":\"ListItem\",\"position\":1,\"name\":\"Home\",\"item\":\"https:\/\/sanweisport.com\/en\/\"},{\"@type\":\"ListItem\",\"position\":2,\"name\":\"Products\",\"item\":\"https:\/\/sanweisport.com\/en\/shop\/\"},{\"@type\":\"ListItem\",\"position\":3,\"name\":\"Target National phi\u00ean b\u1ea3n m\u1edbi\"}]},{\"@type\":\"WebSite\",\"@id\":\"https:\/\/sanweisport.com\/en\/#website\",\"url\":\"https:\/\/sanweisport.com\/en\/\",\"name\":\"SANWEI Sport\",\"description\":\"\",\"publisher\":{\"@id\":\"https:\/\/sanweisport.com\/en\/#organization\"},\"potentialAction\":[{\"@type\":\"SearchAction\",\"target\":{\"@type\":\"EntryPoint\",\"urlTemplate\":\"https:\/\/sanweisport.com\/en\/?s={search_term_string}\"},\"query-input\":{\"@type\":\"PropertyValueSpecification\",\"valueRequired\":true,\"valueName\":\"search_term_string\"}}],\"inLanguage\":\"en-US\"},{\"@type\":\"Organization\",\"@id\":\"https:\/\/sanweisport.com\/en\/#organization\",\"name\":\"SANWEI\",\"alternateName\":\"BEIJING SANWEI SPORTING GOODS CO., LTD\",\"url\":\"https:\/\/sanweisport.com\/en\/\",\"logo\":{\"@type\":\"ImageObject\",\"inLanguage\":\"en-US\",\"@id\":\"https:\/\/sanweisport.com\/en\/#\/schema\/logo\/image\/\",\"url\":\"https:\/\/sanweisport.com\/wp-content\/uploads\/2020\/06\/logo-email.png\",\"contentUrl\":\"https:\/\/sanweisport.com\/wp-content\/uploads\/2020\/06\/logo-email.png\",\"width\":190,\"height\":40,\"caption\":\"SANWEI\"},\"image\":{\"@id\":\"https:\/\/sanweisport.com\/en\/#\/schema\/logo\/image\/\"},\"sameAs\":[\"https:\/\/www.facebook.com\/SANWEISPORT\/\",\"https:\/\/x.com\/sanwei_official\",\"https:\/\/www.instagram.com\/sanweisport\/\",\"https:\/\/www.youtube.com\/sanweiofficial\",\"https:\/\/www.pinterest.com\/sanweisport\/\"]}]}<\/script>\n<meta property=\"product:price:amount\" content=\"49.99\" \/>\n<meta property=\"product:price:currency\" content=\"USD\" \/>\n<meta property=\"og:availability\" content=\"instock\" \/>\n<meta property=\"product:availability\" content=\"instock\" \/>\n<meta property=\"product:condition\" content=\"new\" \/>\n<!-- \/ Yoast SEO Premium plugin. -->","yoast_head_json":{"title":"SANWEI Target National Best table tennis rubber - SANWEI Sport","description":"One of best table tennis rubber, Chinese sticky type , recommended forehand ping pong rubber, use cake sponge and NANO technology top-sheet of SANWEI.","robots":{"index":"index","follow":"follow","max-snippet":"max-snippet:-1","max-image-preview":"max-image-preview:large","max-video-preview":"max-video-preview:-1"},"canonical":"https:\/\/sanweisport.com\/en\/product\/uncategorized\/best-table-tennis-rubber-sanwei-target-national-2\/","og_locale":"en_US","og_type":"article","og_title":"Target National phi\u00ean b\u1ea3n m\u1edbi","og_description":"One of best table tennis rubber, Chinese sticky type , recommended forehand ping pong rubber, use cake sponge and NANO technology top-sheet of SANWEI.","og_url":"https:\/\/sanweisport.com\/en\/product\/uncategorized\/best-table-tennis-rubber-sanwei-target-national-2\/","og_site_name":"SANWEI Sport","article_publisher":"https:\/\/www.facebook.com\/SANWEISPORT\/","article_modified_time":"2023-08-16T06:53:38+00:00","twitter_card":"summary_large_image","twitter_site":"@sanwei_official","twitter_misc":{"Price":"&#36;49.99","Availability":"In stock"},"schema":{"@context":"https:\/\/schema.org","@graph":[{"@type":["WebPage","ItemPage"],"@id":"https:\/\/sanweisport.com\/en\/product\/uncategorized\/best-table-tennis-rubber-sanwei-target-national-2\/","url":"https:\/\/sanweisport.com\/en\/product\/uncategorized\/best-table-tennis-rubber-sanwei-target-national-2\/","name":"SANWEI Target National Best table tennis rubber - SANWEI Sport","isPartOf":{"@id":"https:\/\/sanweisport.com\/en\/#website"},"datePublished":"2022-01-01T02:01:26+00:00","dateModified":"2023-08-16T06:53:38+00:00","description":"One of best table tennis rubber, Chinese sticky type , recommended forehand ping pong rubber, use cake sponge and NANO technology top-sheet of SANWEI.","breadcrumb":{"@id":"https:\/\/sanweisport.com\/en\/product\/uncategorized\/best-table-tennis-rubber-sanwei-target-national-2\/#breadcrumb"},"inLanguage":"en-US","potentialAction":[{"@type":"ReadAction","target":["https:\/\/sanweisport.com\/en\/product\/uncategorized\/best-table-tennis-rubber-sanwei-target-national-2\/"]}]},{"@type":"BreadcrumbList","@id":"https:\/\/sanweisport.com\/en\/product\/uncategorized\/best-table-tennis-rubber-sanwei-target-national-2\/#breadcrumb","itemListElement":[{"@type":"ListItem","position":1,"name":"Home","item":"https:\/\/sanweisport.com\/en\/"},{"@type":"ListItem","position":2,"name":"Products","item":"https:\/\/sanweisport.com\/en\/shop\/"},{"@type":"ListItem","position":3,"name":"Target National phi\u00ean b\u1ea3n m\u1edbi"}]},{"@type":"WebSite","@id":"https:\/\/sanweisport.com\/en\/#website","url":"https:\/\/sanweisport.com\/en\/","name":"SANWEI Sport","description":"","publisher":{"@id":"https:\/\/sanweisport.com\/en\/#organization"},"potentialAction":[{"@type":"SearchAction","target":{"@type":"EntryPoint","urlTemplate":"https:\/\/sanweisport.com\/en\/?s={search_term_string}"},"query-input":{"@type":"PropertyValueSpecification","valueRequired":true,"valueName":"search_term_string"}}],"inLanguage":"en-US"},{"@type":"Organization","@id":"https:\/\/sanweisport.com\/en\/#organization","name":"SANWEI","alternateName":"BEIJING SANWEI SPORTING GOODS CO., LTD","url":"https:\/\/sanweisport.com\/en\/","logo":{"@type":"ImageObject","inLanguage":"en-US","@id":"https:\/\/sanweisport.com\/en\/#\/schema\/logo\/image\/","url":"https:\/\/sanweisport.com\/wp-content\/uploads\/2020\/06\/logo-email.png","contentUrl":"https:\/\/sanweisport.com\/wp-content\/uploads\/2020\/06\/logo-email.png","width":190,"height":40,"caption":"SANWEI"},"image":{"@id":"https:\/\/sanweisport.com\/en\/#\/schema\/logo\/image\/"},"sameAs":["https:\/\/www.facebook.com\/SANWEISPORT\/","https:\/\/x.com\/sanwei_official","https:\/\/www.instagram.com\/sanweisport\/","https:\/\/www.youtube.com\/sanweiofficial","https:\/\/www.pinterest.com\/sanweisport\/"]}]},"product_price_amount":"49.99","product_price_currency":"USD","og_availability":"instock","product_availability":"instock","product_condition":"new"},"_links":{"self":[{"href":"https:\/\/sanweisport.com\/en\/wp-json\/wp\/v2\/product\/26158","targetHints":{"allow":["GET"]}}],"collection":[{"href":"https:\/\/sanweisport.com\/en\/wp-json\/wp\/v2\/product"}],"about":[{"href":"https:\/\/sanweisport.com\/en\/wp-json\/wp\/v2\/types\/product"}],"replies":[{"embeddable":true,"href":"https:\/\/sanweisport.com\/en\/wp-json\/wp\/v2\/comments?post=26158"}],"version-history":[{"count":1,"href":"https:\/\/sanweisport.com\/en\/wp-json\/wp\/v2\/product\/26158\/revisions"}],"predecessor-version":[{"id":50691,"href":"https:\/\/sanweisport.com\/en\/wp-json\/wp\/v2\/product\/26158\/revisions\/50691"}],"wp:attachment":[{"href":"https:\/\/sanweisport.com\/en\/wp-json\/wp\/v2\/media?parent=26158"}],"wp:term":[{"taxonomy":"product_brand","embeddable":true,"href":"https:\/\/sanweisport.com\/en\/wp-json\/wp\/v2\/product_brand?post=26158"},{"taxonomy":"product_cat","embeddable":true,"href":"https:\/\/sanweisport.com\/en\/wp-json\/wp\/v2\/product_cat?post=26158"},{"taxonomy":"product_tag","embeddable":true,"href":"https:\/\/sanweisport.com\/en\/wp-json\/wp\/v2\/product_tag?post=26158"}],"curies":[{"name":"wp","href":"https:\/\/api.w.org\/{rel}","templated":true}]}}