{"id":49622,"date":"2021-06-18T11:42:48","date_gmt":"2021-06-18T03:42:48","guid":{"rendered":"https:\/\/sanweisport.com\/blog-2\/"},"modified":"2023-07-28T19:59:42","modified_gmt":"2023-07-28T11:59:42","slug":"blog-2","status":"publish","type":"page","link":"https:\/\/sanweisport.com\/es\/blog-2\/","title":{"rendered":"Blog"},"content":{"rendered":"\t\t<div data-elementor-type=\"wp-page\" data-elementor-id=\"49622\" class=\"elementor elementor-49622 elementor-13047\" data-elementor-post-type=\"page\">\n\t\t\t\t\t\t<section class=\"elementor-section elementor-top-section elementor-element elementor-element-6f8b398 elementor-section-boxed elementor-section-height-default elementor-section-height-default\" data-id=\"6f8b398\" data-element_type=\"section\">\n\t\t\t\t\t\t<div class=\"elementor-container elementor-column-gap-no\">\n\t\t\t\t\t<div class=\"elementor-column elementor-col-100 elementor-top-column elementor-element elementor-element-9b3857e\" data-id=\"9b3857e\" data-element_type=\"column\">\n\t\t\t<div class=\"elementor-widget-wrap elementor-element-populated\">\n\t\t\t\t\t\t<div class=\"elementor-element elementor-element-69d0077 elementor-grid-3 elementor-grid-tablet-2 elementor-grid-mobile-1 elementor-posts--thumbnail-top elementor-card-shadow-yes elementor-posts__hover-gradient elementor-widget elementor-widget-posts\" data-id=\"69d0077\" data-element_type=\"widget\" data-settings=\"{&quot;pagination_type&quot;:&quot;numbers_and_prev_next&quot;,&quot;cards_columns&quot;:&quot;3&quot;,&quot;cards_columns_tablet&quot;:&quot;2&quot;,&quot;cards_columns_mobile&quot;:&quot;1&quot;,&quot;cards_row_gap&quot;:{&quot;unit&quot;:&quot;px&quot;,&quot;size&quot;:35,&quot;sizes&quot;:[]},&quot;cards_row_gap_tablet&quot;:{&quot;unit&quot;:&quot;px&quot;,&quot;size&quot;:&quot;&quot;,&quot;sizes&quot;:[]},&quot;cards_row_gap_mobile&quot;:{&quot;unit&quot;:&quot;px&quot;,&quot;size&quot;:&quot;&quot;,&quot;sizes&quot;:[]}}\" data-widget_type=\"posts.cards\">\n\t\t\t\t<div class=\"elementor-widget-container\">\n\t\t\t\t\t\t\t<div class=\"elementor-posts-container elementor-posts elementor-posts--skin-cards elementor-grid\">\n\t\t\t\t<article class=\"elementor-post elementor-grid-item post-61205 post type-post status-publish format-standard has-post-thumbnail hentry category-recomendaciones-de-equipamiento\">\n\t\t\t<div class=\"elementor-post__card\">\n\t\t\t\t<a class=\"elementor-post__thumbnail__link\" href=\"https:\/\/sanweisport.com\/es\/la-picos-largos-goma-que-marea-a-tu-oponente\/\" tabindex=\"-1\" ><div class=\"elementor-post__thumbnail\"><img fetchpriority=\"high\" decoding=\"async\" width=\"300\" height=\"300\" src=\"https:\/\/sanweisport.com\/wp-content\/uploads\/2023\/12\/dizzy-and-top-sheet-300x300.jpg\" class=\"attachment-medium size-medium wp-image-58506\" alt=\"\" srcset=\"https:\/\/sanweisport.com\/wp-content\/uploads\/2023\/12\/dizzy-and-top-sheet-300x300.jpg 300w, https:\/\/sanweisport.com\/wp-content\/uploads\/2023\/12\/dizzy-and-top-sheet-150x150.jpg 150w, https:\/\/sanweisport.com\/wp-content\/uploads\/2023\/12\/dizzy-and-top-sheet-60x60.jpg 60w, https:\/\/sanweisport.com\/wp-content\/uploads\/2023\/12\/dizzy-and-top-sheet-110x110.jpg 110w, https:\/\/sanweisport.com\/wp-content\/uploads\/2023\/12\/dizzy-and-top-sheet-350x350.jpg 350w, https:\/\/sanweisport.com\/wp-content\/uploads\/2023\/12\/dizzy-and-top-sheet-100x100.jpg 100w, https:\/\/sanweisport.com\/wp-content\/uploads\/2023\/12\/dizzy-and-top-sheet.jpg 600w\" sizes=\"(max-width: 300px) 100vw, 300px\" \/><\/div><\/a>\n\t\t\t\t<div class=\"elementor-post__text\">\n\t\t\t\t<h3 class=\"elementor-post__title\">\n\t\t\t<a href=\"https:\/\/sanweisport.com\/es\/la-picos-largos-goma-que-marea-a-tu-oponente\/\" >\n\t\t\t\tLa Picos Largos goma que marea a tu oponente\t\t\t<\/a>\n\t\t<\/h3>\n\t\t\t\t<div class=\"elementor-post__excerpt\">\n\t\t\t<p>Hola Pimplers, DiegOX nuevamente aqu\u00ed escribiendo un art\u00edculo y esta vez sobre uno de mis temas favoritos en el tenis de mesa: Picos Largos OX. Si me sigues en las redes sociales (enlaces abajo), sabr\u00e1s que estuve jugando con Picos Largos OX los \u00faltimos 20 a\u00f1os de mi vida, teniendo la posibilidad de probar muchos<\/p>\n\t\t<\/div>\n\t\t\n\t\t<a class=\"elementor-post__read-more\" href=\"https:\/\/sanweisport.com\/es\/la-picos-largos-goma-que-marea-a-tu-oponente\/\" aria-label=\"M\u00e1s informaci\u00f3n sobre La Picos Largos goma que marea a tu oponente\" tabindex=\"-1\" >\n\t\t\tLeer m\u00e1s \u00bb\t\t<\/a>\n\n\t\t\t\t<\/div>\n\t\t\t\t<div class=\"elementor-post__meta-data\">\n\t\t\t\t\t<span class=\"elementor-post-author\">\n\t\t\tSpin Reversal\t\t<\/span>\n\t\t\t\t<span class=\"elementor-post-date\">\n\t\t\t6 de marzo de 2024\t\t<\/span>\n\t\t\t\t<\/div>\n\t\t\t\t\t<\/div>\n\t\t<\/article>\n\t\t\t\t<article class=\"elementor-post elementor-grid-item post-59745 post type-post status-publish format-standard has-post-thumbnail hentry category-blog-es category-recomendaciones-de-equipamiento tag-all-language-es tag-parla-es\">\n\t\t\t<div class=\"elementor-post__card\">\n\t\t\t\t<a class=\"elementor-post__thumbnail__link\" href=\"https:\/\/sanweisport.com\/es\/parla-la-perla-oculta-de-sanwei\/\" tabindex=\"-1\" ><div class=\"elementor-post__thumbnail\"><img decoding=\"async\" width=\"300\" height=\"203\" src=\"https:\/\/sanweisport.com\/wp-content\/uploads\/2024\/02\/327418612_6224729574225033_7256946712641046073_n-300x203.jpg\" class=\"attachment-medium size-medium wp-image-59735\" alt=\"The title of Parla Diegox post\" srcset=\"https:\/\/sanweisport.com\/wp-content\/uploads\/2024\/02\/327418612_6224729574225033_7256946712641046073_n-300x203.jpg 300w, https:\/\/sanweisport.com\/wp-content\/uploads\/2024\/02\/327418612_6224729574225033_7256946712641046073_n-60x41.jpg 60w, https:\/\/sanweisport.com\/wp-content\/uploads\/2024\/02\/327418612_6224729574225033_7256946712641046073_n-110x74.jpg 110w, https:\/\/sanweisport.com\/wp-content\/uploads\/2024\/02\/327418612_6224729574225033_7256946712641046073_n-600x405.jpg 600w, https:\/\/sanweisport.com\/wp-content\/uploads\/2024\/02\/327418612_6224729574225033_7256946712641046073_n.jpg 638w\" sizes=\"(max-width: 300px) 100vw, 300px\" \/><\/div><\/a>\n\t\t\t\t<div class=\"elementor-post__text\">\n\t\t\t\t<h3 class=\"elementor-post__title\">\n\t\t\t<a href=\"https:\/\/sanweisport.com\/es\/parla-la-perla-oculta-de-sanwei\/\" >\n\t\t\t\tParla, la perla oculta de Sanwei\t\t\t<\/a>\n\t\t<\/h3>\n\t\t\t\t<div class=\"elementor-post__excerpt\">\n\t\t\t<p>Introducci\u00f3n de mi revisi\u00f3n de la Parla de 7 hojas totalmente de madera Hola Pimplers, Hace poco recib\u00ed de Sanwei su pala Parla y, como siempre, har\u00e9 un v\u00eddeo creativo al respecto. Pero, mientras tanto, decid\u00ed escribir esta rese\u00f1a. Espero que os sea \u00fatil. Sanwei Parla es parte de la Serie Trio\u2026 la verdad no<\/p>\n\t\t<\/div>\n\t\t\n\t\t<a class=\"elementor-post__read-more\" href=\"https:\/\/sanweisport.com\/es\/parla-la-perla-oculta-de-sanwei\/\" aria-label=\"M\u00e1s informaci\u00f3n sobre Parla, la perla oculta de Sanwei\" tabindex=\"-1\" >\n\t\t\tLeer m\u00e1s \u00bb\t\t<\/a>\n\n\t\t\t\t<\/div>\n\t\t\t\t<div class=\"elementor-post__meta-data\">\n\t\t\t\t\t<span class=\"elementor-post-author\">\n\t\t\tSpin Reversal\t\t<\/span>\n\t\t\t\t<span class=\"elementor-post-date\">\n\t\t\t7 de febrero de 2024\t\t<\/span>\n\t\t\t\t<\/div>\n\t\t\t\t\t<\/div>\n\t\t<\/article>\n\t\t\t\t<\/div>\n\t\t\n\t\t\t\t\t\t<\/div>\n\t\t\t\t<\/div>\n\t\t\t\t\t<\/div>\n\t\t<\/div>\n\t\t\t\t\t<\/div>\n\t\t<\/section>\n\t\t\t\t<\/div>\n\t\t","protected":false},"excerpt":{"rendered":"","protected":false},"author":1,"featured_media":0,"parent":0,"menu_order":0,"comment_status":"closed","ping_status":"closed","template":"","meta":{"site-sidebar-layout":"no-sidebar","site-content-layout":"page-builder","ast-site-content-layout":"default","site-content-style":"default","site-sidebar-style":"default","ast-global-header-display":"","ast-banner-title-visibility":"","ast-main-header-display":"","ast-hfb-above-header-display":"","ast-hfb-below-header-display":"","ast-hfb-mobile-header-display":"","site-post-title":"disabled","ast-breadcrumbs-content":"","ast-featured-img":"disabled","footer-sml-layout":"","ast-disable-related-posts":"","theme-transparent-header-meta":"","adv-header-id-meta":"","stick-header-meta":"","header-above-stick-meta":"","header-main-stick-meta":"","header-below-stick-meta":"","astra-migrate-meta-layouts":"default","ast-page-background-enabled":"default","ast-page-background-meta":{"desktop":{"background-color":"var(--ast-global-color-4)","background-image":"","background-repeat":"repeat","background-position":"center center","background-size":"auto","background-attachment":"scroll","background-type":"","background-media":"","overlay-type":"","overlay-color":"","overlay-opacity":"","overlay-gradient":""},"tablet":{"background-color":"","background-image":"","background-repeat":"repeat","background-position":"center center","background-size":"auto","background-attachment":"scroll","background-type":"","background-media":"","overlay-type":"","overlay-color":"","overlay-opacity":"","overlay-gradient":""},"mobile":{"background-color":"","background-image":"","background-repeat":"repeat","background-position":"center center","background-size":"auto","background-attachment":"scroll","background-type":"","background-media":"","overlay-type":"","overlay-color":"","overlay-opacity":"","overlay-gradient":""}},"ast-content-background-meta":{"desktop":{"background-color":"var(--ast-global-color-5)","background-image":"","background-repeat":"repeat","background-position":"center center","background-size":"auto","background-attachment":"scroll","background-type":"","background-media":"","overlay-type":"","overlay-color":"","overlay-opacity":"","overlay-gradient":""},"tablet":{"background-color":"var(--ast-global-color-5)","background-image":"","background-repeat":"repeat","background-position":"center center","background-size":"auto","background-attachment":"scroll","background-type":"","background-media":"","overlay-type":"","overlay-color":"","overlay-opacity":"","overlay-gradient":""},"mobile":{"background-color":"var(--ast-global-color-5)","background-image":"","background-repeat":"repeat","background-position":"center center","background-size":"auto","background-attachment":"scroll","background-type":"","background-media":"","overlay-type":"","overlay-color":"","overlay-opacity":"","overlay-gradient":""}},"footnotes":""},"class_list":["post-49622","page","type-page","status-publish","hentry"],"yoast_head":"<!-- This site is optimized with the Yoast SEO Premium plugin v24.5 (Yoast SEO v26.6) - https:\/\/yoast.com\/wordpress\/plugins\/seo\/ -->\n<title>Blog - SANWEI Sport<\/title>\n<meta name=\"robots\" content=\"index, follow, max-snippet:-1, max-image-preview:large, max-video-preview:-1\" \/>\n<link rel=\"canonical\" href=\"https:\/\/sanweisport.com\/en\/blog\/\" \/>\n<meta property=\"og:locale\" content=\"es_ES\" \/>\n<meta property=\"og:type\" content=\"article\" \/>\n<meta property=\"og:title\" content=\"Blog\" \/>\n<meta property=\"og:url\" content=\"https:\/\/sanweisport.com\/en\/blog\/\" \/>\n<meta property=\"og:site_name\" content=\"SANWEI Sport\" \/>\n<meta property=\"article:publisher\" content=\"https:\/\/www.facebook.com\/SANWEISPORT\/\" \/>\n<meta property=\"article:modified_time\" content=\"2023-07-28T11:59:42+00:00\" \/>\n<meta name=\"twitter:card\" content=\"summary_large_image\" \/>\n<meta name=\"twitter:site\" content=\"@sanwei_official\" \/>\n<script type=\"application\/ld+json\" class=\"yoast-schema-graph\">{\"@context\":\"https:\/\/schema.org\",\"@graph\":[{\"@type\":\"WebPage\",\"@id\":\"https:\/\/sanweisport.com\/en\/blog\/\",\"url\":\"https:\/\/sanweisport.com\/en\/blog\/\",\"name\":\"Blog - SANWEI Sport\",\"isPartOf\":{\"@id\":\"https:\/\/sanweisport.com\/en\/#website\"},\"datePublished\":\"2021-06-18T03:42:48+00:00\",\"dateModified\":\"2023-07-28T11:59:42+00:00\",\"inLanguage\":\"es\",\"potentialAction\":[{\"@type\":\"ReadAction\",\"target\":[\"https:\/\/sanweisport.com\/en\/blog\/\"]}]},{\"@type\":\"WebSite\",\"@id\":\"https:\/\/sanweisport.com\/en\/#website\",\"url\":\"https:\/\/sanweisport.com\/en\/\",\"name\":\"SANWEI Sport\",\"description\":\"\",\"publisher\":{\"@id\":\"https:\/\/sanweisport.com\/en\/#organization\"},\"potentialAction\":[{\"@type\":\"SearchAction\",\"target\":{\"@type\":\"EntryPoint\",\"urlTemplate\":\"https:\/\/sanweisport.com\/en\/?s={search_term_string}\"},\"query-input\":{\"@type\":\"PropertyValueSpecification\",\"valueRequired\":true,\"valueName\":\"search_term_string\"}}],\"inLanguage\":\"es\"},{\"@type\":\"Organization\",\"@id\":\"https:\/\/sanweisport.com\/en\/#organization\",\"name\":\"SANWEI\",\"alternateName\":\"BEIJING SANWEI SPORTING GOODS CO., LTD\",\"url\":\"https:\/\/sanweisport.com\/en\/\",\"logo\":{\"@type\":\"ImageObject\",\"inLanguage\":\"es\",\"@id\":\"https:\/\/sanweisport.com\/en\/#\/schema\/logo\/image\/\",\"url\":\"https:\/\/sanweisport.com\/wp-content\/uploads\/2020\/06\/logo-email.png\",\"contentUrl\":\"https:\/\/sanweisport.com\/wp-content\/uploads\/2020\/06\/logo-email.png\",\"width\":190,\"height\":40,\"caption\":\"SANWEI\"},\"image\":{\"@id\":\"https:\/\/sanweisport.com\/en\/#\/schema\/logo\/image\/\"},\"sameAs\":[\"https:\/\/www.facebook.com\/SANWEISPORT\/\",\"https:\/\/x.com\/sanwei_official\",\"https:\/\/www.instagram.com\/sanweisport\/\",\"https:\/\/www.youtube.com\/sanweiofficial\",\"https:\/\/www.pinterest.com\/sanweisport\/\"]}]}<\/script>\n<!-- \/ Yoast SEO Premium plugin. -->","yoast_head_json":{"title":"Blog - SANWEI Sport","robots":{"index":"index","follow":"follow","max-snippet":"max-snippet:-1","max-image-preview":"max-image-preview:large","max-video-preview":"max-video-preview:-1"},"canonical":"https:\/\/sanweisport.com\/en\/blog\/","og_locale":"es_ES","og_type":"article","og_title":"Blog","og_url":"https:\/\/sanweisport.com\/en\/blog\/","og_site_name":"SANWEI Sport","article_publisher":"https:\/\/www.facebook.com\/SANWEISPORT\/","article_modified_time":"2023-07-28T11:59:42+00:00","twitter_card":"summary_large_image","twitter_site":"@sanwei_official","schema":{"@context":"https:\/\/schema.org","@graph":[{"@type":"WebPage","@id":"https:\/\/sanweisport.com\/en\/blog\/","url":"https:\/\/sanweisport.com\/en\/blog\/","name":"Blog - SANWEI Sport","isPartOf":{"@id":"https:\/\/sanweisport.com\/en\/#website"},"datePublished":"2021-06-18T03:42:48+00:00","dateModified":"2023-07-28T11:59:42+00:00","inLanguage":"es","potentialAction":[{"@type":"ReadAction","target":["https:\/\/sanweisport.com\/en\/blog\/"]}]},{"@type":"WebSite","@id":"https:\/\/sanweisport.com\/en\/#website","url":"https:\/\/sanweisport.com\/en\/","name":"SANWEI Sport","description":"","publisher":{"@id":"https:\/\/sanweisport.com\/en\/#organization"},"potentialAction":[{"@type":"SearchAction","target":{"@type":"EntryPoint","urlTemplate":"https:\/\/sanweisport.com\/en\/?s={search_term_string}"},"query-input":{"@type":"PropertyValueSpecification","valueRequired":true,"valueName":"search_term_string"}}],"inLanguage":"es"},{"@type":"Organization","@id":"https:\/\/sanweisport.com\/en\/#organization","name":"SANWEI","alternateName":"BEIJING SANWEI SPORTING GOODS CO., LTD","url":"https:\/\/sanweisport.com\/en\/","logo":{"@type":"ImageObject","inLanguage":"es","@id":"https:\/\/sanweisport.com\/en\/#\/schema\/logo\/image\/","url":"https:\/\/sanweisport.com\/wp-content\/uploads\/2020\/06\/logo-email.png","contentUrl":"https:\/\/sanweisport.com\/wp-content\/uploads\/2020\/06\/logo-email.png","width":190,"height":40,"caption":"SANWEI"},"image":{"@id":"https:\/\/sanweisport.com\/en\/#\/schema\/logo\/image\/"},"sameAs":["https:\/\/www.facebook.com\/SANWEISPORT\/","https:\/\/x.com\/sanwei_official","https:\/\/www.instagram.com\/sanweisport\/","https:\/\/www.youtube.com\/sanweiofficial","https:\/\/www.pinterest.com\/sanweisport\/"]}]}},"_links":{"self":[{"href":"https:\/\/sanweisport.com\/es\/wp-json\/wp\/v2\/pages\/49622","targetHints":{"allow":["GET"]}}],"collection":[{"href":"https:\/\/sanweisport.com\/es\/wp-json\/wp\/v2\/pages"}],"about":[{"href":"https:\/\/sanweisport.com\/es\/wp-json\/wp\/v2\/types\/page"}],"author":[{"embeddable":true,"href":"https:\/\/sanweisport.com\/es\/wp-json\/wp\/v2\/users\/1"}],"replies":[{"embeddable":true,"href":"https:\/\/sanweisport.com\/es\/wp-json\/wp\/v2\/comments?post=49622"}],"version-history":[{"count":1,"href":"https:\/\/sanweisport.com\/es\/wp-json\/wp\/v2\/pages\/49622\/revisions"}],"predecessor-version":[{"id":49623,"href":"https:\/\/sanweisport.com\/es\/wp-json\/wp\/v2\/pages\/49622\/revisions\/49623"}],"wp:attachment":[{"href":"https:\/\/sanweisport.com\/es\/wp-json\/wp\/v2\/media?parent=49622"}],"curies":[{"name":"wp","href":"https:\/\/api.w.org\/{rel}","templated":true}]}}