{"id":49437,"date":"2022-07-25T15:45:40","date_gmt":"2022-07-25T07:45:40","guid":{"rendered":"https:\/\/sanweisport.com\/product\/uncategorized\/ta-10-qomolangma\/"},"modified":"2023-08-15T15:54:04","modified_gmt":"2023-08-15T07:54:04","slug":"ta-10-qomolangma-tenis-de-mesa-mesa","status":"publish","type":"product","link":"https:\/\/sanweisport.com\/pt-br\/product\/table-pt-br\/ta-10-qomolangma-tenis-de-mesa-mesa\/","title":{"rendered":"TA-10 Qomolangma"},"content":{"rendered":"\t\t<div data-elementor-type=\"product-post\" data-elementor-id=\"49437\" class=\"elementor elementor-49437 elementor-11701\" data-elementor-post-type=\"product\">\n\t\t\t\t\t\t<section class=\"elementor-section elementor-top-section elementor-element elementor-element-5cc73325 elementor-section-boxed elementor-section-height-default elementor-section-height-default\" data-id=\"5cc73325\" data-element_type=\"section\">\n\t\t\t\t\t\t<div class=\"elementor-container elementor-column-gap-default\">\n\t\t\t\t\t<div class=\"elementor-column elementor-col-100 elementor-top-column elementor-element elementor-element-33566f5e\" data-id=\"33566f5e\" data-element_type=\"column\">\n\t\t\t<div class=\"elementor-widget-wrap elementor-element-populated\">\n\t\t\t\t\t\t<div class=\"elementor-element elementor-element-ad21e53 elementor-widget elementor-widget-text-editor\" data-id=\"ad21e53\" data-element_type=\"widget\" data-widget_type=\"text-editor.default\">\n\t\t\t\t<div class=\"elementor-widget-container\">\n\t\t\t\t\t\t\t\t\t\n<p>The TA-10 Qomolangma is an <a href=\"https:\/\/equipments.ittf.com\/#\/equipment_preview\/tables\/210\" target=\"_blank\" rel=\"noreferrer noopener\">ITTF Approved<\/a> table tennis table from SANWEI. It is concise and elegant.<\/p>\n\n<p>The industry-leading design makes it more than a table tennis table, it also could be a piece of proper furniture in your house.<\/p>\n\n<p>Equipped with 8 x 125mm medical wheels, the TA-10 Qomolangma moves quieter. You can barely hear anything.<\/p>\n\n<p>As a professional ITTF Approved table tennis table, SANWEI TA-10 Qomolangma provides excellent bouncing and friction. It was used in several major national-level table tennis tournaments.<\/p>\n\n<p>By default, the Qomolangma table includes a <a href=\"https:\/\/sanweisport.com\/product\/accessories\/netpost\/netpost-type-f\/\" target=\"_blank\" rel=\"noreferrer noopener\">Type F net<\/a>. The table is packed into two cartons. Easier for transportation and assembly.<\/p>\n\n<p>Strong, concise, and elegant, this is Qomolangma, the ideal table tennis table for you.<\/p>\n<hr class=\"wp-block-separator alignfull has-alpha-channel-opacity\" \/>\n<h3 id=\"h-product-pictures\"><strong>Product pictures:<\/strong><\/h3>\n\n<figure class=\"wp-block-image aligncenter size-large\"><img fetchpriority=\"high\" decoding=\"async\" width=\"1024\" height=\"427\" class=\"wp-image-16377\" src=\"https:\/\/sanweisport.com\/wp-content\/uploads\/2022\/07\/banner_ta-10_qomolangma_1920_800-1024x427.jpg\" alt=\"SANWEI TA-10 Qomolangma Table Tennis Table ITTF Approved homepage banner 1920x800\" srcset=\"https:\/\/sanweisport.com\/wp-content\/uploads\/2022\/07\/banner_ta-10_qomolangma_1920_800-1024x427.jpg 1024w, https:\/\/sanweisport.com\/wp-content\/uploads\/2022\/07\/banner_ta-10_qomolangma_1920_800-600x250.jpg 600w, https:\/\/sanweisport.com\/wp-content\/uploads\/2022\/07\/banner_ta-10_qomolangma_1920_800-300x125.jpg 300w, https:\/\/sanweisport.com\/wp-content\/uploads\/2022\/07\/banner_ta-10_qomolangma_1920_800-768x320.jpg 768w, https:\/\/sanweisport.com\/wp-content\/uploads\/2022\/07\/banner_ta-10_qomolangma_1920_800-1536x640.jpg 1536w, https:\/\/sanweisport.com\/wp-content\/uploads\/2022\/07\/banner_ta-10_qomolangma_1920_800.jpg 1920w\" sizes=\"(max-width: 1024px) 100vw, 1024px\" \/>\n<figcaption>SANWEI TA-10 Qomolangma Table Tennis Table<\/figcaption>\n<\/figure>\n\n<figure class=\"wp-block-image aligncenter size-large\"><img decoding=\"async\" width=\"1024\" height=\"683\" class=\"wp-image-16536\" src=\"https:\/\/sanweisport.com\/wp-content\/uploads\/2022\/07\/TA-10-Qomolangma-Front-1024x683.jpg\" alt=\"SANWEI TA-10 Qomolangma ITTF Approved table tennis table front outdoor photo\" srcset=\"https:\/\/sanweisport.com\/wp-content\/uploads\/2022\/07\/TA-10-Qomolangma-Front-1024x683.jpg 1024w, https:\/\/sanweisport.com\/wp-content\/uploads\/2022\/07\/TA-10-Qomolangma-Front-600x400.jpg 600w, https:\/\/sanweisport.com\/wp-content\/uploads\/2022\/07\/TA-10-Qomolangma-Front-300x200.jpg 300w, https:\/\/sanweisport.com\/wp-content\/uploads\/2022\/07\/TA-10-Qomolangma-Front-768x512.jpg 768w, https:\/\/sanweisport.com\/wp-content\/uploads\/2022\/07\/TA-10-Qomolangma-Front.jpg 1500w\" sizes=\"(max-width: 1024px) 100vw, 1024px\" \/>\n<figcaption>SANWEI TA-10 Qomolangma ITTF Approved table tennis table front outdoor photo<\/figcaption>\n<\/figure>\n\n<figure class=\"wp-block-image aligncenter size-full\"><img decoding=\"async\" width=\"800\" height=\"800\" class=\"wp-image-11703\" src=\"https:\/\/sanweisport.com\/wp-content\/uploads\/2020\/07\/TA-10-Qomolangma-45-Degree-800.jpg\" alt=\"TA-10 Qomolangma Table Tennis Table 45 Degree View\" srcset=\"https:\/\/sanweisport.com\/wp-content\/uploads\/2020\/07\/TA-10-Qomolangma-45-Degree-800.jpg 800w, https:\/\/sanweisport.com\/wp-content\/uploads\/2020\/07\/TA-10-Qomolangma-45-Degree-800-350x350.jpg 350w, https:\/\/sanweisport.com\/wp-content\/uploads\/2020\/07\/TA-10-Qomolangma-45-Degree-800-100x100.jpg 100w, https:\/\/sanweisport.com\/wp-content\/uploads\/2020\/07\/TA-10-Qomolangma-45-Degree-800-600x600.jpg 600w, https:\/\/sanweisport.com\/wp-content\/uploads\/2020\/07\/TA-10-Qomolangma-45-Degree-800-300x300.jpg 300w, https:\/\/sanweisport.com\/wp-content\/uploads\/2020\/07\/TA-10-Qomolangma-45-Degree-800-150x150.jpg 150w, https:\/\/sanweisport.com\/wp-content\/uploads\/2020\/07\/TA-10-Qomolangma-45-Degree-800-768x768.jpg 768w\" sizes=\"(max-width: 800px) 100vw, 800px\" \/>\n<figcaption>TA-10 Qomolangma 45 Degree<\/figcaption>\n<\/figure>\n\n<figure class=\"wp-block-image aligncenter size-full\"><img loading=\"lazy\" decoding=\"async\" width=\"800\" height=\"800\" class=\"wp-image-11707\" src=\"https:\/\/sanweisport.com\/wp-content\/uploads\/2020\/07\/TA-10-Qomolangma-side-view-800.jpg\" alt=\"TA-10 Qomolangma Table Tennis Table  side view\" srcset=\"https:\/\/sanweisport.com\/wp-content\/uploads\/2020\/07\/TA-10-Qomolangma-side-view-800.jpg 800w, https:\/\/sanweisport.com\/wp-content\/uploads\/2020\/07\/TA-10-Qomolangma-side-view-800-350x350.jpg 350w, https:\/\/sanweisport.com\/wp-content\/uploads\/2020\/07\/TA-10-Qomolangma-side-view-800-100x100.jpg 100w, https:\/\/sanweisport.com\/wp-content\/uploads\/2020\/07\/TA-10-Qomolangma-side-view-800-600x600.jpg 600w, https:\/\/sanweisport.com\/wp-content\/uploads\/2020\/07\/TA-10-Qomolangma-side-view-800-300x300.jpg 300w, https:\/\/sanweisport.com\/wp-content\/uploads\/2020\/07\/TA-10-Qomolangma-side-view-800-150x150.jpg 150w, https:\/\/sanweisport.com\/wp-content\/uploads\/2020\/07\/TA-10-Qomolangma-side-view-800-768x768.jpg 768w\" sizes=\"(max-width: 800px) 100vw, 800px\" \/>\n<figcaption>TA-10 Qomolangma side view<\/figcaption>\n<\/figure>\n\n<figure class=\"wp-block-image aligncenter size-full\"><img loading=\"lazy\" decoding=\"async\" width=\"800\" height=\"800\" class=\"wp-image-11705\" src=\"https:\/\/sanweisport.com\/wp-content\/uploads\/2020\/07\/TA-10-Qomolangma-half-folded-800.jpg\" alt=\"TA-10 Qomolangma  Table Tennis Table half folded\" srcset=\"https:\/\/sanweisport.com\/wp-content\/uploads\/2020\/07\/TA-10-Qomolangma-half-folded-800.jpg 800w, https:\/\/sanweisport.com\/wp-content\/uploads\/2020\/07\/TA-10-Qomolangma-half-folded-800-350x350.jpg 350w, https:\/\/sanweisport.com\/wp-content\/uploads\/2020\/07\/TA-10-Qomolangma-half-folded-800-100x100.jpg 100w, https:\/\/sanweisport.com\/wp-content\/uploads\/2020\/07\/TA-10-Qomolangma-half-folded-800-600x600.jpg 600w, https:\/\/sanweisport.com\/wp-content\/uploads\/2020\/07\/TA-10-Qomolangma-half-folded-800-300x300.jpg 300w, https:\/\/sanweisport.com\/wp-content\/uploads\/2020\/07\/TA-10-Qomolangma-half-folded-800-150x150.jpg 150w, https:\/\/sanweisport.com\/wp-content\/uploads\/2020\/07\/TA-10-Qomolangma-half-folded-800-768x768.jpg 768w\" sizes=\"(max-width: 800px) 100vw, 800px\" \/>\n<figcaption>TA-10 Qomolangma half folded<\/figcaption>\n<\/figure>\n\n<figure class=\"wp-block-image aligncenter size-full\"><img loading=\"lazy\" decoding=\"async\" width=\"800\" height=\"800\" class=\"wp-image-11704\" src=\"https:\/\/sanweisport.com\/wp-content\/uploads\/2020\/07\/TA-10-Qomolangma-half-detail-800.jpg\" alt=\"TA-10 Qomolangma  Table Tennis Table half detail\" srcset=\"https:\/\/sanweisport.com\/wp-content\/uploads\/2020\/07\/TA-10-Qomolangma-half-detail-800.jpg 800w, https:\/\/sanweisport.com\/wp-content\/uploads\/2020\/07\/TA-10-Qomolangma-half-detail-800-350x350.jpg 350w, https:\/\/sanweisport.com\/wp-content\/uploads\/2020\/07\/TA-10-Qomolangma-half-detail-800-100x100.jpg 100w, https:\/\/sanweisport.com\/wp-content\/uploads\/2020\/07\/TA-10-Qomolangma-half-detail-800-600x600.jpg 600w, https:\/\/sanweisport.com\/wp-content\/uploads\/2020\/07\/TA-10-Qomolangma-half-detail-800-300x300.jpg 300w, https:\/\/sanweisport.com\/wp-content\/uploads\/2020\/07\/TA-10-Qomolangma-half-detail-800-150x150.jpg 150w, https:\/\/sanweisport.com\/wp-content\/uploads\/2020\/07\/TA-10-Qomolangma-half-detail-800-768x768.jpg 768w\" sizes=\"(max-width: 800px) 100vw, 800px\" \/>\n<figcaption>TA-10 Qomolangma half detail<\/figcaption>\n<\/figure>\n<hr class=\"wp-block-separator alignfull has-alpha-channel-opacity\" \/>\n<h3 id=\"h-installation-video\">Installation Video<\/h3>\n\n<figure class=\"wp-block-embed aligncenter is-type-video is-provider-youtube wp-block-embed-youtube wp-embed-aspect-16-9 wp-has-aspect-ratio\">\n<div class=\"wp-block-embed__wrapper\">https:\/\/www.youtube.com\/watch?v=ylZkp9iMfLg<\/div>\n<\/figure>\n\n<h3><strong>Specification<\/strong><\/h3>\n\n<figure class=\"wp-block-table is-style-stripes\">\n<table>\n<tbody>\n<tr>\n<td><strong>Brand<\/strong><\/td>\n<td>SANWEI<\/td>\n<\/tr>\n<tr>\n<td><strong>Model Name<\/strong><\/td>\n<td>TA-10 Qomolangma<\/td>\n<\/tr>\n<tr>\n<td><strong>ITTF Approved<\/strong><\/td>\n<td>Yes<\/td>\n<\/tr>\n<tr>\n<td><strong>Surface thickness<\/strong><\/td>\n<td>25 mm<\/td>\n<\/tr>\n<tr>\n<td><strong>Surface material<\/strong><\/td>\n<td>MDF<\/td>\n<\/tr>\n<tr>\n<td><strong>Surface painting<\/strong><\/td>\n<td>6 times mat UV<\/td>\n<\/tr>\n<tr>\n<td><strong>Surface color<\/strong><\/td>\n<td>Blue<\/td>\n<\/tr>\n<tr>\n<td><strong>Frame &amp; Leg color<\/strong><\/td>\n<td>Gray<\/td>\n<\/tr>\n<tr>\n<td><strong>Frame size<\/strong><\/td>\n<td>50 x 25 mm<\/td>\n<\/tr>\n<tr>\n<td><strong>Leg size<\/strong><\/td>\n<td>50 x 50 mm<\/td>\n<\/tr>\n<tr>\n<td><strong>Wheels<\/strong><\/td>\n<td>8 x 125mm\u00a0Medical wheels with lock<\/td>\n<\/tr>\n<tr>\n<td><strong>Table Lock<\/strong><\/td>\n<td>Included<\/td>\n<\/tr>\n<tr>\n<td><strong>Net &amp; Post<\/strong><\/td>\n<td>Included<\/td>\n<\/tr>\n<tr>\n<td><strong>Wrench<\/strong><\/td>\n<td>Included<\/td>\n<\/tr>\n<\/tbody>\n<\/table>\n<\/figure>\n\t\t\t\t\t\t\t\t<\/div>\n\t\t\t\t<\/div>\n\t\t\t\t\t<\/div>\n\t\t<\/div>\n\t\t\t\t\t<\/div>\n\t\t<\/section>\n\t\t\t\t<\/div>\n\t\t","protected":false},"excerpt":{"rendered":"<p>O TA-10 Qomolangma \u00e9 uma mesa de t\u00eanis <a href=\"https:\/\/equipments.ittf.com\/#\/equipment_preview\/tables\/210\" target=\"_blank\" rel=\"noopener\">de mesa aprovada pela ITTF<\/a> . \u00c9 conciso e elegante. O design l\u00edder da ind\u00fastria faz com que seja mais do que uma mesa de t\u00e9nis de mesa, tamb\u00e9m pode ser uma pe\u00e7a de mobili\u00e1rio adequada na sua casa. Como uma mesa de t\u00eanis de mesa profissional aprovada pela ITTF, o SANWEI TA-10 Qomolangma oferece excelente salto e atrito. Foi usado em v\u00e1rios dos principais torneios nacionais de t\u00eanis de mesa. Por padr\u00e3o, a tabela Qomolangma inclui uma <a href=\"https:\/\/sanweisport.com\/product\/accessories\/netpost\/netpost-type-f\/\" target=\"_blank\" rel=\"noopener\">rede Tipo F<\/a>. A mesa \u00e9 embalada em duas caixas. Mais f\u00e1cil para transporte e montagem. Forte, concisa e elegante, esta \u00e9 a Qomolangma, a mesa de t\u00eanis de mesa ideal para voc\u00ea.<\/p>\n","protected":false},"featured_media":22467,"comment_status":"open","ping_status":"closed","template":"","meta":{"site-sidebar-layout":"default","site-content-layout":"","ast-site-content-layout":"default","site-content-style":"default","site-sidebar-style":"default","ast-global-header-display":"","ast-banner-title-visibility":"","ast-main-header-display":"","ast-hfb-above-header-display":"","ast-hfb-below-header-display":"","ast-hfb-mobile-header-display":"","site-post-title":"","ast-breadcrumbs-content":"","ast-featured-img":"","footer-sml-layout":"","ast-disable-related-posts":"","theme-transparent-header-meta":"default","adv-header-id-meta":"","stick-header-meta":"default","header-above-stick-meta":"","header-main-stick-meta":"","header-below-stick-meta":"","astra-migrate-meta-layouts":"default","ast-page-background-enabled":"default","ast-page-background-meta":{"desktop":{"background-color":"var(--ast-global-color-4)","background-image":"","background-repeat":"repeat","background-position":"center center","background-size":"auto","background-attachment":"scroll","background-type":"","background-media":"","overlay-type":"","overlay-color":"","overlay-opacity":"","overlay-gradient":""},"tablet":{"background-color":"","background-image":"","background-repeat":"repeat","background-position":"center center","background-size":"auto","background-attachment":"scroll","background-type":"","background-media":"","overlay-type":"","overlay-color":"","overlay-opacity":"","overlay-gradient":""},"mobile":{"background-color":"","background-image":"","background-repeat":"repeat","background-position":"center center","background-size":"auto","background-attachment":"scroll","background-type":"","background-media":"","overlay-type":"","overlay-color":"","overlay-opacity":"","overlay-gradient":""}},"ast-content-background-meta":{"desktop":{"background-color":"var(--ast-global-color-5)","background-image":"","background-repeat":"repeat","background-position":"center center","background-size":"auto","background-attachment":"scroll","background-type":"","background-media":"","overlay-type":"","overlay-color":"","overlay-opacity":"","overlay-gradient":""},"tablet":{"background-color":"var(--ast-global-color-5)","background-image":"","background-repeat":"repeat","background-position":"center center","background-size":"auto","background-attachment":"scroll","background-type":"","background-media":"","overlay-type":"","overlay-color":"","overlay-opacity":"","overlay-gradient":""},"mobile":{"background-color":"var(--ast-global-color-5)","background-image":"","background-repeat":"repeat","background-position":"center center","background-size":"auto","background-attachment":"scroll","background-type":"","background-media":"","overlay-type":"","overlay-color":"","overlay-opacity":"","overlay-gradient":""}}},"product_brand":[],"product_cat":[729],"product_tag":[],"class_list":{"0":"post-49437","1":"product","2":"type-product","3":"status-publish","4":"has-post-thumbnail","6":"product_cat-table-pt-br","7":"product_shipping_class-tabelas","8":"desktop-align-center","9":"tablet-align-left","10":"mobile-align-center","11":"ast-product-gallery-layout-horizontal","12":"ast-product-gallery-with-no-image","13":"ast-product-tabs-layout-horizontal","14":"ast-qv-on-image","16":"first","17":"instock","18":"taxable","19":"shipping-taxable","20":"product-type-external"},"yoast_head":"<!-- This site is optimized with the Yoast SEO Premium plugin v24.5 (Yoast SEO v26.6) - https:\/\/yoast.com\/wordpress\/plugins\/seo\/ -->\n<title>TA-10 Qomolangma - SANWEI Sport<\/title>\n<meta name=\"description\" content=\"Mesa profissional de t\u00e9nis de mesa da SANWEI. ITTF Aprovado. Tampo de mesa em MDF 25mm com excelente salto e atrito. Utilizado em diversos torneios nacionais.\" \/>\n<meta name=\"robots\" content=\"index, follow, max-snippet:-1, max-image-preview:large, max-video-preview:-1\" \/>\n<link rel=\"canonical\" href=\"https:\/\/sanweisport.com\/en\/product\/table\/ta-10-qomolangma-table-tennis-table\/\" \/>\n<meta property=\"og:locale\" content=\"pt_BR\" \/>\n<meta property=\"og:type\" content=\"article\" \/>\n<meta property=\"og:title\" content=\"TA-10 Qomolangma\" \/>\n<meta property=\"og:description\" content=\"Mesa profissional de t\u00e9nis de mesa da SANWEI. ITTF Aprovado. Tampo de mesa em MDF 25mm com excelente salto e atrito. Utilizado em diversos torneios nacionais.\" \/>\n<meta property=\"og:url\" content=\"https:\/\/sanweisport.com\/en\/product\/table\/ta-10-qomolangma-table-tennis-table\/\" \/>\n<meta property=\"og:site_name\" content=\"SANWEI Sport\" \/>\n<meta property=\"article:publisher\" content=\"https:\/\/www.facebook.com\/SANWEISPORT\/\" \/>\n<meta property=\"article:modified_time\" content=\"2023-08-15T07:54:04+00:00\" \/>\n<meta property=\"og:image\" content=\"https:\/\/sanweisport.com\/wp-content\/uploads\/2020\/07\/TA-10-Qomolangma-main.jpg\" \/>\n\t<meta property=\"og:image:width\" content=\"800\" \/>\n\t<meta property=\"og:image:height\" content=\"800\" \/>\n\t<meta property=\"og:image:type\" content=\"image\/jpeg\" \/>\n<meta name=\"twitter:card\" content=\"summary_large_image\" \/>\n<meta name=\"twitter:site\" content=\"@sanwei_official\" \/>\n<meta name=\"twitter:label1\" content=\"Pre\u00e7o\" \/>\n\t<meta name=\"twitter:data1\" content=\"&#036;1,199.00\" \/>\n\t<meta name=\"twitter:label2\" content=\"Disponibilidade\" \/>\n\t<meta name=\"twitter:data2\" content=\"Em Estoque\" \/>\n<script type=\"application\/ld+json\" class=\"yoast-schema-graph\">{\"@context\":\"https:\/\/schema.org\",\"@graph\":[{\"@type\":[\"WebPage\",\"ItemPage\"],\"@id\":\"https:\/\/sanweisport.com\/en\/product\/table\/ta-10-qomolangma-table-tennis-table\/\",\"url\":\"https:\/\/sanweisport.com\/en\/product\/table\/ta-10-qomolangma-table-tennis-table\/\",\"name\":\"TA-10 Qomolangma - SANWEI Sport\",\"isPartOf\":{\"@id\":\"https:\/\/sanweisport.com\/en\/#website\"},\"primaryImageOfPage\":{\"@id\":\"https:\/\/sanweisport.com\/en\/product\/table\/ta-10-qomolangma-table-tennis-table\/#primaryimage\"},\"image\":{\"@id\":\"https:\/\/sanweisport.com\/en\/product\/table\/ta-10-qomolangma-table-tennis-table\/#primaryimage\"},\"thumbnailUrl\":\"https:\/\/sanweisport.com\/wp-content\/uploads\/2020\/07\/TA-10-Qomolangma-main.jpg\",\"datePublished\":\"2022-07-25T07:45:40+00:00\",\"dateModified\":\"2023-08-15T07:54:04+00:00\",\"description\":\"Mesa profissional de t\u00e9nis de mesa da SANWEI. ITTF Aprovado. Tampo de mesa em MDF 25mm com excelente salto e atrito. Utilizado em diversos torneios nacionais.\",\"breadcrumb\":{\"@id\":\"https:\/\/sanweisport.com\/en\/product\/table\/ta-10-qomolangma-table-tennis-table\/#breadcrumb\"},\"inLanguage\":\"pt-BR\",\"potentialAction\":[{\"@type\":\"ReadAction\",\"target\":[\"https:\/\/sanweisport.com\/en\/product\/table\/ta-10-qomolangma-table-tennis-table\/\"]}]},{\"@type\":\"ImageObject\",\"inLanguage\":\"pt-BR\",\"@id\":\"https:\/\/sanweisport.com\/en\/product\/table\/ta-10-qomolangma-table-tennis-table\/#primaryimage\",\"url\":\"https:\/\/sanweisport.com\/wp-content\/uploads\/2020\/07\/TA-10-Qomolangma-main.jpg\",\"contentUrl\":\"https:\/\/sanweisport.com\/wp-content\/uploads\/2020\/07\/TA-10-Qomolangma-main.jpg\",\"width\":800,\"height\":800},{\"@type\":\"BreadcrumbList\",\"@id\":\"https:\/\/sanweisport.com\/en\/product\/table\/ta-10-qomolangma-table-tennis-table\/#breadcrumb\",\"itemListElement\":[{\"@type\":\"ListItem\",\"position\":1,\"name\":\"Home\",\"item\":\"https:\/\/sanweisport.com\/en\/shop\/\"},{\"@type\":\"ListItem\",\"position\":2,\"name\":\"TA-10 Qomolangma\"}]},{\"@type\":\"WebSite\",\"@id\":\"https:\/\/sanweisport.com\/en\/#website\",\"url\":\"https:\/\/sanweisport.com\/en\/\",\"name\":\"SANWEI Sport\",\"description\":\"\",\"publisher\":{\"@id\":\"https:\/\/sanweisport.com\/en\/#organization\"},\"potentialAction\":[{\"@type\":\"SearchAction\",\"target\":{\"@type\":\"EntryPoint\",\"urlTemplate\":\"https:\/\/sanweisport.com\/en\/?s={search_term_string}\"},\"query-input\":{\"@type\":\"PropertyValueSpecification\",\"valueRequired\":true,\"valueName\":\"search_term_string\"}}],\"inLanguage\":\"pt-BR\"},{\"@type\":\"Organization\",\"@id\":\"https:\/\/sanweisport.com\/en\/#organization\",\"name\":\"SANWEI\",\"alternateName\":\"BEIJING SANWEI SPORTING GOODS CO., LTD\",\"url\":\"https:\/\/sanweisport.com\/en\/\",\"logo\":{\"@type\":\"ImageObject\",\"inLanguage\":\"pt-BR\",\"@id\":\"https:\/\/sanweisport.com\/en\/#\/schema\/logo\/image\/\",\"url\":\"https:\/\/sanweisport.com\/wp-content\/uploads\/2020\/06\/logo-email.png\",\"contentUrl\":\"https:\/\/sanweisport.com\/wp-content\/uploads\/2020\/06\/logo-email.png\",\"width\":190,\"height\":40,\"caption\":\"SANWEI\"},\"image\":{\"@id\":\"https:\/\/sanweisport.com\/en\/#\/schema\/logo\/image\/\"},\"sameAs\":[\"https:\/\/www.facebook.com\/SANWEISPORT\/\",\"https:\/\/x.com\/sanwei_official\",\"https:\/\/www.instagram.com\/sanweisport\/\",\"https:\/\/www.youtube.com\/sanweiofficial\",\"https:\/\/www.pinterest.com\/sanweisport\/\"]}]}<\/script>\n<meta property=\"product:brand\" content=\"SANWEI\" \/>\n<meta property=\"product:price:amount\" content=\"1199.00\" \/>\n<meta property=\"product:price:currency\" content=\"USD\" \/>\n<meta property=\"og:availability\" content=\"instock\" \/>\n<meta property=\"product:availability\" content=\"instock\" \/>\n<meta property=\"product:condition\" content=\"new\" \/>\n<!-- \/ Yoast SEO Premium plugin. -->","yoast_head_json":{"title":"TA-10 Qomolangma - SANWEI Sport","description":"Mesa profissional de t\u00e9nis de mesa da SANWEI. ITTF Aprovado. Tampo de mesa em MDF 25mm com excelente salto e atrito. Utilizado em diversos torneios nacionais.","robots":{"index":"index","follow":"follow","max-snippet":"max-snippet:-1","max-image-preview":"max-image-preview:large","max-video-preview":"max-video-preview:-1"},"canonical":"https:\/\/sanweisport.com\/en\/product\/table\/ta-10-qomolangma-table-tennis-table\/","og_locale":"pt_BR","og_type":"article","og_title":"TA-10 Qomolangma","og_description":"Mesa profissional de t\u00e9nis de mesa da SANWEI. ITTF Aprovado. Tampo de mesa em MDF 25mm com excelente salto e atrito. Utilizado em diversos torneios nacionais.","og_url":"https:\/\/sanweisport.com\/en\/product\/table\/ta-10-qomolangma-table-tennis-table\/","og_site_name":"SANWEI Sport","article_publisher":"https:\/\/www.facebook.com\/SANWEISPORT\/","article_modified_time":"2023-08-15T07:54:04+00:00","og_image":[{"width":800,"height":800,"url":"https:\/\/sanweisport.com\/wp-content\/uploads\/2020\/07\/TA-10-Qomolangma-main.jpg","type":"image\/jpeg"}],"twitter_card":"summary_large_image","twitter_site":"@sanwei_official","twitter_misc":{"Pre\u00e7o":"&#36;1,199.00","Disponibilidade":"Em Estoque"},"schema":{"@context":"https:\/\/schema.org","@graph":[{"@type":["WebPage","ItemPage"],"@id":"https:\/\/sanweisport.com\/en\/product\/table\/ta-10-qomolangma-table-tennis-table\/","url":"https:\/\/sanweisport.com\/en\/product\/table\/ta-10-qomolangma-table-tennis-table\/","name":"TA-10 Qomolangma - SANWEI Sport","isPartOf":{"@id":"https:\/\/sanweisport.com\/en\/#website"},"primaryImageOfPage":{"@id":"https:\/\/sanweisport.com\/en\/product\/table\/ta-10-qomolangma-table-tennis-table\/#primaryimage"},"image":{"@id":"https:\/\/sanweisport.com\/en\/product\/table\/ta-10-qomolangma-table-tennis-table\/#primaryimage"},"thumbnailUrl":"https:\/\/sanweisport.com\/wp-content\/uploads\/2020\/07\/TA-10-Qomolangma-main.jpg","datePublished":"2022-07-25T07:45:40+00:00","dateModified":"2023-08-15T07:54:04+00:00","description":"Mesa profissional de t\u00e9nis de mesa da SANWEI. ITTF Aprovado. Tampo de mesa em MDF 25mm com excelente salto e atrito. Utilizado em diversos torneios nacionais.","breadcrumb":{"@id":"https:\/\/sanweisport.com\/en\/product\/table\/ta-10-qomolangma-table-tennis-table\/#breadcrumb"},"inLanguage":"pt-BR","potentialAction":[{"@type":"ReadAction","target":["https:\/\/sanweisport.com\/en\/product\/table\/ta-10-qomolangma-table-tennis-table\/"]}]},{"@type":"ImageObject","inLanguage":"pt-BR","@id":"https:\/\/sanweisport.com\/en\/product\/table\/ta-10-qomolangma-table-tennis-table\/#primaryimage","url":"https:\/\/sanweisport.com\/wp-content\/uploads\/2020\/07\/TA-10-Qomolangma-main.jpg","contentUrl":"https:\/\/sanweisport.com\/wp-content\/uploads\/2020\/07\/TA-10-Qomolangma-main.jpg","width":800,"height":800},{"@type":"BreadcrumbList","@id":"https:\/\/sanweisport.com\/en\/product\/table\/ta-10-qomolangma-table-tennis-table\/#breadcrumb","itemListElement":[{"@type":"ListItem","position":1,"name":"Home","item":"https:\/\/sanweisport.com\/en\/shop\/"},{"@type":"ListItem","position":2,"name":"TA-10 Qomolangma"}]},{"@type":"WebSite","@id":"https:\/\/sanweisport.com\/en\/#website","url":"https:\/\/sanweisport.com\/en\/","name":"SANWEI Sport","description":"","publisher":{"@id":"https:\/\/sanweisport.com\/en\/#organization"},"potentialAction":[{"@type":"SearchAction","target":{"@type":"EntryPoint","urlTemplate":"https:\/\/sanweisport.com\/en\/?s={search_term_string}"},"query-input":{"@type":"PropertyValueSpecification","valueRequired":true,"valueName":"search_term_string"}}],"inLanguage":"pt-BR"},{"@type":"Organization","@id":"https:\/\/sanweisport.com\/en\/#organization","name":"SANWEI","alternateName":"BEIJING SANWEI SPORTING GOODS CO., LTD","url":"https:\/\/sanweisport.com\/en\/","logo":{"@type":"ImageObject","inLanguage":"pt-BR","@id":"https:\/\/sanweisport.com\/en\/#\/schema\/logo\/image\/","url":"https:\/\/sanweisport.com\/wp-content\/uploads\/2020\/06\/logo-email.png","contentUrl":"https:\/\/sanweisport.com\/wp-content\/uploads\/2020\/06\/logo-email.png","width":190,"height":40,"caption":"SANWEI"},"image":{"@id":"https:\/\/sanweisport.com\/en\/#\/schema\/logo\/image\/"},"sameAs":["https:\/\/www.facebook.com\/SANWEISPORT\/","https:\/\/x.com\/sanwei_official","https:\/\/www.instagram.com\/sanweisport\/","https:\/\/www.youtube.com\/sanweiofficial","https:\/\/www.pinterest.com\/sanweisport\/"]}]},"product_brand":"SANWEI","product_price_amount":"1199.00","product_price_currency":"USD","og_availability":"instock","product_availability":"instock","product_condition":"new"},"_links":{"self":[{"href":"https:\/\/sanweisport.com\/pt-br\/wp-json\/wp\/v2\/product\/49437","targetHints":{"allow":["GET"]}}],"collection":[{"href":"https:\/\/sanweisport.com\/pt-br\/wp-json\/wp\/v2\/product"}],"about":[{"href":"https:\/\/sanweisport.com\/pt-br\/wp-json\/wp\/v2\/types\/product"}],"replies":[{"embeddable":true,"href":"https:\/\/sanweisport.com\/pt-br\/wp-json\/wp\/v2\/comments?post=49437"}],"version-history":[{"count":1,"href":"https:\/\/sanweisport.com\/pt-br\/wp-json\/wp\/v2\/product\/49437\/revisions"}],"predecessor-version":[{"id":50626,"href":"https:\/\/sanweisport.com\/pt-br\/wp-json\/wp\/v2\/product\/49437\/revisions\/50626"}],"wp:featuredmedia":[{"embeddable":true,"href":"https:\/\/sanweisport.com\/pt-br\/wp-json\/wp\/v2\/media\/22467"}],"wp:attachment":[{"href":"https:\/\/sanweisport.com\/pt-br\/wp-json\/wp\/v2\/media?parent=49437"}],"wp:term":[{"taxonomy":"product_brand","embeddable":true,"href":"https:\/\/sanweisport.com\/pt-br\/wp-json\/wp\/v2\/product_brand?post=49437"},{"taxonomy":"product_cat","embeddable":true,"href":"https:\/\/sanweisport.com\/pt-br\/wp-json\/wp\/v2\/product_cat?post=49437"},{"taxonomy":"product_tag","embeddable":true,"href":"https:\/\/sanweisport.com\/pt-br\/wp-json\/wp\/v2\/product_tag?post=49437"}],"curies":[{"name":"wp","href":"https:\/\/api.w.org\/{rel}","templated":true}]}}