{"id":50035,"date":"2016-01-18T15:57:35","date_gmt":"2016-01-18T07:57:35","guid":{"rendered":"https:\/\/sanweisport.com\/ve-chung-toi\/"},"modified":"2023-09-11T13:09:42","modified_gmt":"2023-09-11T05:09:42","slug":"ve-chung-toi","status":"publish","type":"page","link":"https:\/\/sanweisport.com\/vi\/ve-chung-toi\/","title":{"rendered":"V\u1ec1 Ch\u00fang T\u00f4i"},"content":{"rendered":"\t\t<div data-elementor-type=\"wp-page\" data-elementor-id=\"50035\" class=\"elementor elementor-50035 elementor-2\" data-elementor-post-type=\"page\">\n\t\t\t\t\t\t<section class=\"elementor-section elementor-top-section elementor-element elementor-element-27a715a1 elementor-section-full_width elementor-section-height-default elementor-section-height-default\" data-id=\"27a715a1\" data-element_type=\"section\">\n\t\t\t\t\t\t<div class=\"elementor-container elementor-column-gap-default\">\n\t\t\t\t\t<div class=\"elementor-column elementor-col-100 elementor-top-column elementor-element elementor-element-eae0702\" data-id=\"eae0702\" data-element_type=\"column\">\n\t\t\t<div class=\"elementor-widget-wrap elementor-element-populated\">\n\t\t\t\t\t\t<div class=\"elementor-element elementor-element-6a4db50 elementor-widget elementor-widget-text-editor\" data-id=\"6a4db50\" data-element_type=\"widget\" data-widget_type=\"text-editor.default\">\n\t\t\t\t<div class=\"elementor-widget-container\">\n\t\t\t\t\t\t\t\t\t\n<p>Professional table tennis brand since 1993.<\/p>\n\n<p>The initial purpose of SANWEI is to provide professional equipment to the players, make professional equipment affordable for more players and forward the great joy and benefit of this sport to more people.<\/p>\n\n<p>After decades of development, SANWEI now is a professional brand that covers all table tennis equipment, from blade to tables, from beginning to professional. No matter what level you are in or what style you are playing, you could always find the suitable gear here from SANWEI.<\/p>\n\n<p>SANWEI has 3 divisions and a table tennis club:<\/p>\n\n<ul class=\"wp-block-list\">\n<li>Headquarters: Bejing, China<\/li>\n<li>International Marketing Department: Tianjin, China<\/li>\n<li>Factory: Hebei, China<\/li>\n<li>SANWEI Club: Beijing, China<\/li>\n<\/ul>\n\n<p>If you want to contact us, please leave the messages on <a class=\"yoast-seo-link\" href=\"https:\/\/sanweisport.com\/index.php\/about\/contact\/\"><em>Conatct Us<\/em> page<\/a>.<\/p>\n\n<p>For applying for an official distributor, please refer to the <a class=\"yoast-seo-link\" href=\"https:\/\/sanweisport.com\/index.php\/about\/apply-for-a-authorized-distributor-of-sanwei\/\"><em>Distributor Application<\/em> page<\/a>.<\/p>\n\n<div class=\"wp-block-image\">\n<figure class=\"aligncenter size-large\"><img fetchpriority=\"high\" decoding=\"async\" width=\"1024\" height=\"576\" class=\"wp-image-13170\" src=\"https:\/\/sanweisport.com\/wp-content\/uploads\/2021\/07\/\u5b98\u7f51-IMG_2967-1024x576.jpg\" alt=\"SANWEI since 1993\" srcset=\"https:\/\/sanweisport.com\/wp-content\/uploads\/2021\/07\/\u5b98\u7f51-IMG_2967-1024x576.jpg 1024w, https:\/\/sanweisport.com\/wp-content\/uploads\/2021\/07\/\u5b98\u7f51-IMG_2967-600x338.jpg 600w, https:\/\/sanweisport.com\/wp-content\/uploads\/2021\/07\/\u5b98\u7f51-IMG_2967-300x169.jpg 300w, https:\/\/sanweisport.com\/wp-content\/uploads\/2021\/07\/\u5b98\u7f51-IMG_2967-768x432.jpg 768w, https:\/\/sanweisport.com\/wp-content\/uploads\/2021\/07\/\u5b98\u7f51-IMG_2967-1536x864.jpg 1536w, https:\/\/sanweisport.com\/wp-content\/uploads\/2021\/07\/\u5b98\u7f51-IMG_2967.jpg 1920w\" sizes=\"(max-width: 1024px) 100vw, 1024px\" \/>\n<figcaption>SANWEI since 1993<br \/>\n<figure id=\"attachment_13464\" aria-describedby=\"caption-attachment-13464\" style=\"width: 990px\" class=\"wp-caption aligncenter\"><img decoding=\"async\" class=\"size-full wp-image-13464\" src=\"https:\/\/sanweisport.com\/wp-content\/uploads\/2021\/09\/certification.jpg\" alt=\"certification\" width=\"990\" height=\"985\" srcset=\"https:\/\/sanweisport.com\/wp-content\/uploads\/2021\/09\/certification.jpg 990w, https:\/\/sanweisport.com\/wp-content\/uploads\/2021\/09\/certification-100x100.jpg 100w, https:\/\/sanweisport.com\/wp-content\/uploads\/2021\/09\/certification-600x597.jpg 600w, https:\/\/sanweisport.com\/wp-content\/uploads\/2021\/09\/certification-300x298.jpg 300w, https:\/\/sanweisport.com\/wp-content\/uploads\/2021\/09\/certification-150x150.jpg 150w, https:\/\/sanweisport.com\/wp-content\/uploads\/2021\/09\/certification-768x764.jpg 768w\" sizes=\"(max-width: 990px) 100vw, 990px\" \/><figcaption id=\"caption-attachment-13464\" class=\"wp-caption-text\">certification<\/figcaption><\/figure>\n<\/figcaption>\n<\/figure>\n<\/div>\n\n<div class=\"wp-block-image\">\n<figure class=\"aligncenter size-large\"><img decoding=\"async\" width=\"783\" height=\"1024\" class=\"wp-image-13166\" src=\"https:\/\/sanweisport.com\/wp-content\/uploads\/2021\/07\/SANWEI-ITTF-Approval-List-783x1024.jpg\" alt=\"SANWEI ITTF Approval List\" srcset=\"https:\/\/sanweisport.com\/wp-content\/uploads\/2021\/07\/SANWEI-ITTF-Approval-List-783x1024.jpg 783w, https:\/\/sanweisport.com\/wp-content\/uploads\/2021\/07\/SANWEI-ITTF-Approval-List-600x785.jpg 600w, https:\/\/sanweisport.com\/wp-content\/uploads\/2021\/07\/SANWEI-ITTF-Approval-List-229x300.jpg 229w, https:\/\/sanweisport.com\/wp-content\/uploads\/2021\/07\/SANWEI-ITTF-Approval-List-768x1005.jpg 768w, https:\/\/sanweisport.com\/wp-content\/uploads\/2021\/07\/SANWEI-ITTF-Approval-List-1174x1536.jpg 1174w, https:\/\/sanweisport.com\/wp-content\/uploads\/2021\/07\/SANWEI-ITTF-Approval-List-1565x2048.jpg 1565w, https:\/\/sanweisport.com\/wp-content\/uploads\/2021\/07\/SANWEI-ITTF-Approval-List-scaled.jpg 1956w\" sizes=\"(max-width: 783px) 100vw, 783px\" \/>\n<figcaption>SANWEI ITTF Approval List<\/figcaption>\n<\/figure>\n<\/div>\n\n<div class=\"wp-block-image\">\n<figure class=\"aligncenter\">\n<figure id=\"attachment_13465\" aria-describedby=\"caption-attachment-13465\" style=\"width: 830px\" class=\"wp-caption aligncenter\"><img loading=\"lazy\" decoding=\"async\" class=\"size-large wp-image-13465\" src=\"https:\/\/sanweisport.com\/wp-content\/uploads\/2021\/09\/TeamWork-1024x1024.jpg\" alt=\"TeamWork\" width=\"830\" height=\"830\" srcset=\"https:\/\/sanweisport.com\/wp-content\/uploads\/2021\/09\/TeamWork-1024x1024.jpg 1024w, https:\/\/sanweisport.com\/wp-content\/uploads\/2021\/09\/TeamWork-350x350.jpg 350w, https:\/\/sanweisport.com\/wp-content\/uploads\/2021\/09\/TeamWork-100x100.jpg 100w, https:\/\/sanweisport.com\/wp-content\/uploads\/2021\/09\/TeamWork-600x600.jpg 600w, https:\/\/sanweisport.com\/wp-content\/uploads\/2021\/09\/TeamWork-300x300.jpg 300w, https:\/\/sanweisport.com\/wp-content\/uploads\/2021\/09\/TeamWork-150x150.jpg 150w, https:\/\/sanweisport.com\/wp-content\/uploads\/2021\/09\/TeamWork-768x768.jpg 768w, https:\/\/sanweisport.com\/wp-content\/uploads\/2021\/09\/TeamWork-1536x1536.jpg 1536w, https:\/\/sanweisport.com\/wp-content\/uploads\/2021\/09\/TeamWork-860x860.jpg 860w, https:\/\/sanweisport.com\/wp-content\/uploads\/2021\/09\/TeamWork.jpg 1935w\" sizes=\"(max-width: 830px) 100vw, 830px\" \/><figcaption id=\"caption-attachment-13465\" class=\"wp-caption-text\">TeamWork<\/figcaption><\/figure>\n<\/figure>\n<\/div>\n\n<div class=\"wp-block-image\">\n<figure class=\"aligncenter size-large\"><img loading=\"lazy\" decoding=\"async\" width=\"1024\" height=\"576\" class=\"wp-image-13165\" src=\"https:\/\/sanweisport.com\/wp-content\/uploads\/2021\/07\/SANWEI-Factory-1024x576.jpg\" alt=\"SANWEI Factory\" srcset=\"https:\/\/sanweisport.com\/wp-content\/uploads\/2021\/07\/SANWEI-Factory-1024x576.jpg 1024w, https:\/\/sanweisport.com\/wp-content\/uploads\/2021\/07\/SANWEI-Factory-600x338.jpg 600w, https:\/\/sanweisport.com\/wp-content\/uploads\/2021\/07\/SANWEI-Factory-300x169.jpg 300w, https:\/\/sanweisport.com\/wp-content\/uploads\/2021\/07\/SANWEI-Factory-768x432.jpg 768w, https:\/\/sanweisport.com\/wp-content\/uploads\/2021\/07\/SANWEI-Factory-1536x864.jpg 1536w, https:\/\/sanweisport.com\/wp-content\/uploads\/2021\/07\/SANWEI-Factory.jpg 1920w\" sizes=\"(max-width: 1024px) 100vw, 1024px\" \/>\n<figcaption>SANWEI Factory<\/figcaption>\n<\/figure>\n<\/div>\n\n<div class=\"wp-block-image\">\n<figure class=\"aligncenter size-large\"><img loading=\"lazy\" decoding=\"async\" width=\"1024\" height=\"576\" class=\"wp-image-13158\" src=\"https:\/\/sanweisport.com\/wp-content\/uploads\/2021\/07\/Yingchong-Club-1024x576.jpg\" alt=\"SANWEI Table Tennis Club\" srcset=\"https:\/\/sanweisport.com\/wp-content\/uploads\/2021\/07\/Yingchong-Club-1024x576.jpg 1024w, https:\/\/sanweisport.com\/wp-content\/uploads\/2021\/07\/Yingchong-Club-600x338.jpg 600w, https:\/\/sanweisport.com\/wp-content\/uploads\/2021\/07\/Yingchong-Club-300x169.jpg 300w, https:\/\/sanweisport.com\/wp-content\/uploads\/2021\/07\/Yingchong-Club-768x432.jpg 768w, https:\/\/sanweisport.com\/wp-content\/uploads\/2021\/07\/Yingchong-Club-1536x864.jpg 1536w, https:\/\/sanweisport.com\/wp-content\/uploads\/2021\/07\/Yingchong-Club.jpg 1920w\" sizes=\"(max-width: 1024px) 100vw, 1024px\" \/>\n<figcaption>SANWEI Table Tennis Club<\/figcaption>\n<\/figure>\n<\/div>\n\t\t\t\t\t\t\t\t<\/div>\n\t\t\t\t<\/div>\n\t\t\t\t\t<\/div>\n\t\t<\/div>\n\t\t\t\t\t<\/div>\n\t\t<\/section>\n\t\t\t\t<\/div>\n\t\t","protected":false},"excerpt":{"rendered":"<p>SANWEI Sport l\u00e0 th\u01b0\u01a1ng hi\u1ec7u d\u1ee5ng c\u1ee5 b\u00f3ng b\u00e0n chuy\u00ean nghi\u1ec7p ra \u0111\u1eddi n\u0103m 1993. Ngay t\u1eeb ban \u0111\u1ea7u, SANWEI x\u00e1c \u0111\u1ecbnh s\u1ebd cung c\u1ea5p cho ng\u01b0\u1eddi ch\u01a1i s\u1ea3n ph\u1ea9m v\u1edbi ch\u1ea5t l\u01b0\u1ee3ng cao v\u00e0 gi\u00e1 th\u00e0nh h\u1ee3p l\u00ed, gi\u1ea3m chi ph\u00ed v\u00e0 thu h\u00fat th\u00eam nhi\u1ec1u ng\u01b0\u1eddi tham gia ch\u01a1i b\u00f3ng b\u00e0n. Qua nhi\u1ec1u [&hellip;]<\/p>\n","protected":false},"author":1,"featured_media":18895,"parent":0,"menu_order":0,"comment_status":"closed","ping_status":"closed","template":"","meta":{"site-sidebar-layout":"default","site-content-layout":"","ast-site-content-layout":"default","site-content-style":"default","site-sidebar-style":"default","ast-global-header-display":"","ast-banner-title-visibility":"","ast-main-header-display":"","ast-hfb-above-header-display":"","ast-hfb-below-header-display":"","ast-hfb-mobile-header-display":"","site-post-title":"","ast-breadcrumbs-content":"","ast-featured-img":"","footer-sml-layout":"","ast-disable-related-posts":"","theme-transparent-header-meta":"","adv-header-id-meta":"","stick-header-meta":"","header-above-stick-meta":"","header-main-stick-meta":"","header-below-stick-meta":"","astra-migrate-meta-layouts":"default","ast-page-background-enabled":"default","ast-page-background-meta":{"desktop":{"background-color":"var(--ast-global-color-4)","background-image":"","background-repeat":"repeat","background-position":"center center","background-size":"auto","background-attachment":"scroll","background-type":"","background-media":"","overlay-type":"","overlay-color":"","overlay-opacity":"","overlay-gradient":""},"tablet":{"background-color":"","background-image":"","background-repeat":"repeat","background-position":"center center","background-size":"auto","background-attachment":"scroll","background-type":"","background-media":"","overlay-type":"","overlay-color":"","overlay-opacity":"","overlay-gradient":""},"mobile":{"background-color":"","background-image":"","background-repeat":"repeat","background-position":"center center","background-size":"auto","background-attachment":"scroll","background-type":"","background-media":"","overlay-type":"","overlay-color":"","overlay-opacity":"","overlay-gradient":""}},"ast-content-background-meta":{"desktop":{"background-color":"var(--ast-global-color-5)","background-image":"","background-repeat":"repeat","background-position":"center center","background-size":"auto","background-attachment":"scroll","background-type":"","background-media":"","overlay-type":"","overlay-color":"","overlay-opacity":"","overlay-gradient":""},"tablet":{"background-color":"var(--ast-global-color-5)","background-image":"","background-repeat":"repeat","background-position":"center center","background-size":"auto","background-attachment":"scroll","background-type":"","background-media":"","overlay-type":"","overlay-color":"","overlay-opacity":"","overlay-gradient":""},"mobile":{"background-color":"var(--ast-global-color-5)","background-image":"","background-repeat":"repeat","background-position":"center center","background-size":"auto","background-attachment":"scroll","background-type":"","background-media":"","overlay-type":"","overlay-color":"","overlay-opacity":"","overlay-gradient":""}},"footnotes":""},"class_list":["post-50035","page","type-page","status-publish","has-post-thumbnail","hentry"],"yoast_head":"<!-- This site is optimized with the Yoast SEO Premium plugin v24.5 (Yoast SEO v26.6) - https:\/\/yoast.com\/wordpress\/plugins\/seo\/ -->\n<title>V\u1ec1 Ch\u00fang T\u00f4i - SANWEI Sport<\/title>\n<meta name=\"robots\" content=\"index, follow, max-snippet:-1, max-image-preview:large, max-video-preview:-1\" \/>\n<link rel=\"canonical\" href=\"https:\/\/sanweisport.com\/vi\/ve-chung-toi\/\" \/>\n<meta property=\"og:locale\" content=\"vi_VN\" \/>\n<meta property=\"og:type\" content=\"article\" \/>\n<meta property=\"og:title\" content=\"V\u1ec1 Ch\u00fang T\u00f4i\" \/>\n<meta property=\"og:description\" content=\"SANWEI Sport l\u00e0 th\u01b0\u01a1ng hi\u1ec7u d\u1ee5ng c\u1ee5 b\u00f3ng b\u00e0n chuy\u00ean nghi\u1ec7p ra \u0111\u1eddi n\u0103m 1993. Ngay t\u1eeb ban \u0111\u1ea7u, SANWEI x\u00e1c \u0111\u1ecbnh s\u1ebd cung c\u1ea5p cho ng\u01b0\u1eddi ch\u01a1i s\u1ea3n ph\u1ea9m v\u1edbi ch\u1ea5t l\u01b0\u1ee3ng cao v\u00e0 gi\u00e1 th\u00e0nh h\u1ee3p l\u00ed, gi\u1ea3m chi ph\u00ed v\u00e0 thu h\u00fat th\u00eam nhi\u1ec1u ng\u01b0\u1eddi tham gia ch\u01a1i b\u00f3ng b\u00e0n. Qua nhi\u1ec1u [&hellip;]\" \/>\n<meta property=\"og:url\" content=\"https:\/\/sanweisport.com\/vi\/ve-chung-toi\/\" \/>\n<meta property=\"og:site_name\" content=\"SANWEI Sport\" \/>\n<meta property=\"article:publisher\" content=\"https:\/\/www.facebook.com\/SANWEISPORT\/\" \/>\n<meta property=\"article:modified_time\" content=\"2023-09-11T05:09:42+00:00\" \/>\n<meta property=\"og:image\" content=\"https:\/\/sanweisport.com\/wp-content\/uploads\/2021\/09\/SANWEI-LOGO-Net-Page.jpg\" \/>\n\t<meta property=\"og:image:width\" content=\"1920\" \/>\n\t<meta property=\"og:image:height\" content=\"408\" \/>\n\t<meta property=\"og:image:type\" content=\"image\/jpeg\" \/>\n<meta name=\"twitter:card\" content=\"summary_large_image\" \/>\n<meta name=\"twitter:site\" content=\"@sanwei_official\" \/>\n<meta name=\"twitter:label1\" content=\"Est. reading time\" \/>\n\t<meta name=\"twitter:data1\" content=\"2 minutes\" \/>\n<script type=\"application\/ld+json\" class=\"yoast-schema-graph\">{\"@context\":\"https:\/\/schema.org\",\"@graph\":[{\"@type\":\"WebPage\",\"@id\":\"https:\/\/sanweisport.com\/vi\/ve-chung-toi\/\",\"url\":\"https:\/\/sanweisport.com\/vi\/ve-chung-toi\/\",\"name\":\"V\u1ec1 Ch\u00fang T\u00f4i - SANWEI Sport\",\"isPartOf\":{\"@id\":\"https:\/\/sanweisport.com\/en\/#website\"},\"primaryImageOfPage\":{\"@id\":\"https:\/\/sanweisport.com\/vi\/ve-chung-toi\/#primaryimage\"},\"image\":{\"@id\":\"https:\/\/sanweisport.com\/vi\/ve-chung-toi\/#primaryimage\"},\"thumbnailUrl\":\"https:\/\/sanweisport.com\/wp-content\/uploads\/2021\/09\/SANWEI-LOGO-Net-Page.jpg\",\"datePublished\":\"2016-01-18T07:57:35+00:00\",\"dateModified\":\"2023-09-11T05:09:42+00:00\",\"inLanguage\":\"vi-VN\",\"potentialAction\":[{\"@type\":\"ReadAction\",\"target\":[\"https:\/\/sanweisport.com\/vi\/ve-chung-toi\/\"]}]},{\"@type\":\"ImageObject\",\"inLanguage\":\"vi-VN\",\"@id\":\"https:\/\/sanweisport.com\/vi\/ve-chung-toi\/#primaryimage\",\"url\":\"https:\/\/sanweisport.com\/wp-content\/uploads\/2021\/09\/SANWEI-LOGO-Net-Page.jpg\",\"contentUrl\":\"https:\/\/sanweisport.com\/wp-content\/uploads\/2021\/09\/SANWEI-LOGO-Net-Page.jpg\",\"width\":1920,\"height\":408,\"caption\":\"SANWEI LOGO Net\"},{\"@type\":\"WebSite\",\"@id\":\"https:\/\/sanweisport.com\/en\/#website\",\"url\":\"https:\/\/sanweisport.com\/en\/\",\"name\":\"SANWEI Sport\",\"description\":\"\",\"publisher\":{\"@id\":\"https:\/\/sanweisport.com\/en\/#organization\"},\"potentialAction\":[{\"@type\":\"SearchAction\",\"target\":{\"@type\":\"EntryPoint\",\"urlTemplate\":\"https:\/\/sanweisport.com\/en\/?s={search_term_string}\"},\"query-input\":{\"@type\":\"PropertyValueSpecification\",\"valueRequired\":true,\"valueName\":\"search_term_string\"}}],\"inLanguage\":\"vi-VN\"},{\"@type\":\"Organization\",\"@id\":\"https:\/\/sanweisport.com\/en\/#organization\",\"name\":\"SANWEI\",\"alternateName\":\"BEIJING SANWEI SPORTING GOODS CO., LTD\",\"url\":\"https:\/\/sanweisport.com\/en\/\",\"logo\":{\"@type\":\"ImageObject\",\"inLanguage\":\"vi-VN\",\"@id\":\"https:\/\/sanweisport.com\/en\/#\/schema\/logo\/image\/\",\"url\":\"https:\/\/sanweisport.com\/wp-content\/uploads\/2020\/06\/logo-email.png\",\"contentUrl\":\"https:\/\/sanweisport.com\/wp-content\/uploads\/2020\/06\/logo-email.png\",\"width\":190,\"height\":40,\"caption\":\"SANWEI\"},\"image\":{\"@id\":\"https:\/\/sanweisport.com\/en\/#\/schema\/logo\/image\/\"},\"sameAs\":[\"https:\/\/www.facebook.com\/SANWEISPORT\/\",\"https:\/\/x.com\/sanwei_official\",\"https:\/\/www.instagram.com\/sanweisport\/\",\"https:\/\/www.youtube.com\/sanweiofficial\",\"https:\/\/www.pinterest.com\/sanweisport\/\"]}]}<\/script>\n<!-- \/ Yoast SEO Premium plugin. -->","yoast_head_json":{"title":"V\u1ec1 Ch\u00fang T\u00f4i - SANWEI Sport","robots":{"index":"index","follow":"follow","max-snippet":"max-snippet:-1","max-image-preview":"max-image-preview:large","max-video-preview":"max-video-preview:-1"},"canonical":"https:\/\/sanweisport.com\/vi\/ve-chung-toi\/","og_locale":"vi_VN","og_type":"article","og_title":"V\u1ec1 Ch\u00fang T\u00f4i","og_description":"SANWEI Sport l\u00e0 th\u01b0\u01a1ng hi\u1ec7u d\u1ee5ng c\u1ee5 b\u00f3ng b\u00e0n chuy\u00ean nghi\u1ec7p ra \u0111\u1eddi n\u0103m 1993. Ngay t\u1eeb ban \u0111\u1ea7u, SANWEI x\u00e1c \u0111\u1ecbnh s\u1ebd cung c\u1ea5p cho ng\u01b0\u1eddi ch\u01a1i s\u1ea3n ph\u1ea9m v\u1edbi ch\u1ea5t l\u01b0\u1ee3ng cao v\u00e0 gi\u00e1 th\u00e0nh h\u1ee3p l\u00ed, gi\u1ea3m chi ph\u00ed v\u00e0 thu h\u00fat th\u00eam nhi\u1ec1u ng\u01b0\u1eddi tham gia ch\u01a1i b\u00f3ng b\u00e0n. Qua nhi\u1ec1u [&hellip;]","og_url":"https:\/\/sanweisport.com\/vi\/ve-chung-toi\/","og_site_name":"SANWEI Sport","article_publisher":"https:\/\/www.facebook.com\/SANWEISPORT\/","article_modified_time":"2023-09-11T05:09:42+00:00","og_image":[{"width":1920,"height":408,"url":"https:\/\/sanweisport.com\/wp-content\/uploads\/2021\/09\/SANWEI-LOGO-Net-Page.jpg","type":"image\/jpeg"}],"twitter_card":"summary_large_image","twitter_site":"@sanwei_official","twitter_misc":{"Est. reading time":"2 minutes"},"schema":{"@context":"https:\/\/schema.org","@graph":[{"@type":"WebPage","@id":"https:\/\/sanweisport.com\/vi\/ve-chung-toi\/","url":"https:\/\/sanweisport.com\/vi\/ve-chung-toi\/","name":"V\u1ec1 Ch\u00fang T\u00f4i - SANWEI Sport","isPartOf":{"@id":"https:\/\/sanweisport.com\/en\/#website"},"primaryImageOfPage":{"@id":"https:\/\/sanweisport.com\/vi\/ve-chung-toi\/#primaryimage"},"image":{"@id":"https:\/\/sanweisport.com\/vi\/ve-chung-toi\/#primaryimage"},"thumbnailUrl":"https:\/\/sanweisport.com\/wp-content\/uploads\/2021\/09\/SANWEI-LOGO-Net-Page.jpg","datePublished":"2016-01-18T07:57:35+00:00","dateModified":"2023-09-11T05:09:42+00:00","inLanguage":"vi-VN","potentialAction":[{"@type":"ReadAction","target":["https:\/\/sanweisport.com\/vi\/ve-chung-toi\/"]}]},{"@type":"ImageObject","inLanguage":"vi-VN","@id":"https:\/\/sanweisport.com\/vi\/ve-chung-toi\/#primaryimage","url":"https:\/\/sanweisport.com\/wp-content\/uploads\/2021\/09\/SANWEI-LOGO-Net-Page.jpg","contentUrl":"https:\/\/sanweisport.com\/wp-content\/uploads\/2021\/09\/SANWEI-LOGO-Net-Page.jpg","width":1920,"height":408,"caption":"SANWEI LOGO Net"},{"@type":"WebSite","@id":"https:\/\/sanweisport.com\/en\/#website","url":"https:\/\/sanweisport.com\/en\/","name":"SANWEI Sport","description":"","publisher":{"@id":"https:\/\/sanweisport.com\/en\/#organization"},"potentialAction":[{"@type":"SearchAction","target":{"@type":"EntryPoint","urlTemplate":"https:\/\/sanweisport.com\/en\/?s={search_term_string}"},"query-input":{"@type":"PropertyValueSpecification","valueRequired":true,"valueName":"search_term_string"}}],"inLanguage":"vi-VN"},{"@type":"Organization","@id":"https:\/\/sanweisport.com\/en\/#organization","name":"SANWEI","alternateName":"BEIJING SANWEI SPORTING GOODS CO., LTD","url":"https:\/\/sanweisport.com\/en\/","logo":{"@type":"ImageObject","inLanguage":"vi-VN","@id":"https:\/\/sanweisport.com\/en\/#\/schema\/logo\/image\/","url":"https:\/\/sanweisport.com\/wp-content\/uploads\/2020\/06\/logo-email.png","contentUrl":"https:\/\/sanweisport.com\/wp-content\/uploads\/2020\/06\/logo-email.png","width":190,"height":40,"caption":"SANWEI"},"image":{"@id":"https:\/\/sanweisport.com\/en\/#\/schema\/logo\/image\/"},"sameAs":["https:\/\/www.facebook.com\/SANWEISPORT\/","https:\/\/x.com\/sanwei_official","https:\/\/www.instagram.com\/sanweisport\/","https:\/\/www.youtube.com\/sanweiofficial","https:\/\/www.pinterest.com\/sanweisport\/"]}]}},"_links":{"self":[{"href":"https:\/\/sanweisport.com\/vi\/wp-json\/wp\/v2\/pages\/50035","targetHints":{"allow":["GET"]}}],"collection":[{"href":"https:\/\/sanweisport.com\/vi\/wp-json\/wp\/v2\/pages"}],"about":[{"href":"https:\/\/sanweisport.com\/vi\/wp-json\/wp\/v2\/types\/page"}],"author":[{"embeddable":true,"href":"https:\/\/sanweisport.com\/vi\/wp-json\/wp\/v2\/users\/1"}],"replies":[{"embeddable":true,"href":"https:\/\/sanweisport.com\/vi\/wp-json\/wp\/v2\/comments?post=50035"}],"version-history":[{"count":3,"href":"https:\/\/sanweisport.com\/vi\/wp-json\/wp\/v2\/pages\/50035\/revisions"}],"predecessor-version":[{"id":55416,"href":"https:\/\/sanweisport.com\/vi\/wp-json\/wp\/v2\/pages\/50035\/revisions\/55416"}],"wp:featuredmedia":[{"embeddable":true,"href":"https:\/\/sanweisport.com\/vi\/wp-json\/wp\/v2\/media\/18895"}],"wp:attachment":[{"href":"https:\/\/sanweisport.com\/vi\/wp-json\/wp\/v2\/media?parent=50035"}],"curies":[{"name":"wp","href":"https:\/\/api.w.org\/{rel}","templated":true}]}}